{"id":2348,"date":"2023-11-06T18:40:47","date_gmt":"2023-11-06T18:40:47","guid":{"rendered":"https:\/\/asociacionismodelaemigracionespanola.com\/?page_id=2348"},"modified":"2023-11-06T18:42:23","modified_gmt":"2023-11-06T18:42:23","slug":"hipotesis-de-partida","status":"publish","type":"page","link":"https:\/\/asociacionismodelaemigracionespanola.com\/index.php\/hipotesis-de-partida\/","title":{"rendered":"Hip\u00f3tesis de partida"},"content":{"rendered":"\t\t<div data-elementor-type=\"wp-page\" data-elementor-id=\"2348\" class=\"elementor elementor-2348\" data-elementor-post-type=\"page\">\n\t\t\t\t\t\t<section class=\"elementor-section elementor-top-section elementor-element elementor-element-f93669a elementor-section-boxed elementor-section-height-default elementor-section-height-default\" data-id=\"f93669a\" data-element_type=\"section\">\n\t\t\t\t\t\t<div class=\"elementor-container elementor-column-gap-default\">\n\t\t\t\t\t<div class=\"elementor-column elementor-col-100 elementor-top-column elementor-element elementor-element-49fb55c\" data-id=\"49fb55c\" data-element_type=\"column\">\n\t\t\t<div class=\"elementor-widget-wrap elementor-element-populated\">\n\t\t\t\t\t\t<div class=\"elementor-element elementor-element-ca1af2c elementor-widget elementor-widget-spacer\" data-id=\"ca1af2c\" data-element_type=\"widget\" data-widget_type=\"spacer.default\">\n\t\t\t\t<div class=\"elementor-widget-container\">\n\t\t\t<style>\/*! elementor - v3.22.0 - 26-06-2024 *\/\n.elementor-column .elementor-spacer-inner{height:var(--spacer-size)}.e-con{--container-widget-width:100%}.e-con-inner>.elementor-widget-spacer,.e-con>.elementor-widget-spacer{width:var(--container-widget-width,var(--spacer-size));--align-self:var(--container-widget-align-self,initial);--flex-shrink:0}.e-con-inner>.elementor-widget-spacer>.elementor-widget-container,.e-con>.elementor-widget-spacer>.elementor-widget-container{height:100%;width:100%}.e-con-inner>.elementor-widget-spacer>.elementor-widget-container>.elementor-spacer,.e-con>.elementor-widget-spacer>.elementor-widget-container>.elementor-spacer{height:100%}.e-con-inner>.elementor-widget-spacer>.elementor-widget-container>.elementor-spacer>.elementor-spacer-inner,.e-con>.elementor-widget-spacer>.elementor-widget-container>.elementor-spacer>.elementor-spacer-inner{height:var(--container-widget-height,var(--spacer-size))}.e-con-inner>.elementor-widget-spacer.elementor-widget-empty,.e-con>.elementor-widget-spacer.elementor-widget-empty{position:relative;min-height:22px;min-width:22px}.e-con-inner>.elementor-widget-spacer.elementor-widget-empty .elementor-widget-empty-icon,.e-con>.elementor-widget-spacer.elementor-widget-empty .elementor-widget-empty-icon{position:absolute;top:0;bottom:0;left:0;right:0;margin:auto;padding:0;width:22px;height:22px}<\/style>\t\t<div class=\"elementor-spacer\">\n\t\t\t<div class=\"elementor-spacer-inner\"><\/div>\n\t\t<\/div>\n\t\t\t\t<\/div>\n\t\t\t\t<\/div>\n\t\t\t\t<div class=\"elementor-element elementor-element-12cde2d elementor-widget elementor-widget-heading\" data-id=\"12cde2d\" data-element_type=\"widget\" data-widget_type=\"heading.default\">\n\t\t\t\t<div class=\"elementor-widget-container\">\n\t\t\t<style>\/*! elementor - v3.22.0 - 26-06-2024 *\/\n.elementor-heading-title{padding:0;margin:0;line-height:1}.elementor-widget-heading .elementor-heading-title[class*=elementor-size-]>a{color:inherit;font-size:inherit;line-height:inherit}.elementor-widget-heading .elementor-heading-title.elementor-size-small{font-size:15px}.elementor-widget-heading .elementor-heading-title.elementor-size-medium{font-size:19px}.elementor-widget-heading .elementor-heading-title.elementor-size-large{font-size:29px}.elementor-widget-heading .elementor-heading-title.elementor-size-xl{font-size:39px}.elementor-widget-heading .elementor-heading-title.elementor-size-xxl{font-size:59px}<\/style><h2 class=\"elementor-heading-title elementor-size-default\">Hip\u00f3tesis de partida<\/h2>\t\t<\/div>\n\t\t\t\t<\/div>\n\t\t\t\t<div class=\"elementor-element elementor-element-a2afda8 elementor-widget elementor-widget-text-editor\" data-id=\"a2afda8\" data-element_type=\"widget\" data-widget_type=\"text-editor.default\">\n\t\t\t\t<div class=\"elementor-widget-container\">\n\t\t\t<style>\/*! elementor - v3.22.0 - 26-06-2024 *\/\n.elementor-widget-text-editor.elementor-drop-cap-view-stacked .elementor-drop-cap{background-color:#69727d;color:#fff}.elementor-widget-text-editor.elementor-drop-cap-view-framed .elementor-drop-cap{color:#69727d;border:3px solid;background-color:transparent}.elementor-widget-text-editor:not(.elementor-drop-cap-view-default) .elementor-drop-cap{margin-top:8px}.elementor-widget-text-editor:not(.elementor-drop-cap-view-default) .elementor-drop-cap-letter{width:1em;height:1em}.elementor-widget-text-editor .elementor-drop-cap{float:left;text-align:center;line-height:1;font-size:50px}.elementor-widget-text-editor .elementor-drop-cap-letter{display:inline-block}<\/style>\t\t\t\t<p><!-- wp:paragraph --><\/p><p>En este proyecto queremos analizar y documentar el panorama asociativo de la emigraci\u00f3n espa\u00f1ola a Am\u00e9rica en a partir de la d\u00e9cada de los sesenta hasta final de siglo prioritariamente, un periodo apenas abordado por la historiograf\u00eda, una etapa en la que se frena la emigraci\u00f3n y comienza el retorno, cuando nuevas din\u00e1micas acontecieron, seg\u00fan diferentes causas, coyunturas y modos, en destinos urbanos tan representativos por la concentraci\u00f3n de residentes como Buenos Aires, La Habana o Caracas.<\/p><p>En la etapa de freno migratorio, a partir de la d\u00e9cada de los sesenta, las asociaciones espa\u00f1olas en Am\u00e9rica van a manifestar una significativa transformaci\u00f3n. Si bien muchas van a desaparecer, otras se van a mantener activas reformulando sus estrategias de continuidad, sus alianzas y sus conexiones con las autoridades consulares e instituciones del lugar de origen, siguiendo diferentes procesos seg\u00fan factores y coyunturas.<\/p><p>La elecci\u00f3n de las tres urbes se\u00f1aladas nos permite analizar tres contextos con marcadas diferencias. El caso de Caracas plantea el inter\u00e9s de verse revitalizado el tejido asociativo debido a una fuerte inmigraci\u00f3n espa\u00f1ola de car\u00e1cter econ\u00f3mico y tambi\u00e9n pol\u00edtico a mediados del siglo XX. No en vano, de las casi 90 sociedades espa\u00f1olas documentadas en Venezuela entre 1930 y 2000, la mayor parte se fundaron entre 1958 y 1988, y algo m\u00e1s de un tercio se concentran en la capital del pa\u00eds. El caso opuesto es el de La Habana a partir de 1959, con una acci\u00f3n estatal restrictiva hacia el asociacionismo espa\u00f1ol que produce una significativa retracci\u00f3n del tejido asociativo, resistiendo mejor en el caso de la capital. Finalmente, en el caso de Buenos Aires, a pesar de ser el modelo m\u00e1s estable y continuista, el asociacionismo espa\u00f1ol sufrir\u00e1 en este periodo un proceso de decadencia, como sucede en el resto de Am\u00e9rica Latina.<\/p><p>Uno de los aspectos que parecen cruciales es el impacto de las pol\u00edticas de los estados argentino, venezolano y cubano en el asociacionismo espa\u00f1ol. El despliegue de sistemas estatales de educaci\u00f3n, sanidad y protecci\u00f3n social, las crisis econ\u00f3micas (como las vividas en Venezuela en la d\u00e9cada de 1980 o en Cuba durante el \u201cPeriodo Especial\u201d) y los procesos inflacionistas (particularmente intensos en Argentina a partir de 1948, que hacen financieramente inviables algunos servicios prestados por las asociaciones), as\u00ed como los contextos pol\u00edticos particularmente sensibles en t\u00e9rminos de nacionalismo, son procesos que tendr\u00e1n un efecto particularmente intenso en las sociedades de socorros mutuos y en las gen\u00e9ricamente espa\u00f1olas, pero que condicionan particular y globalmente la evoluci\u00f3n de todo el tejido asociativo objeto de estudio.<\/p><p>Otro de los aspectos que m\u00e1s influyen en el contexto y sobre el que redundamos m\u00e1s adelante, es la relaci\u00f3n entre las instituciones espa\u00f1olas y las asociaciones en la emigraci\u00f3n, desde un estado de inicial aton\u00eda hasta un proceso de vinculaci\u00f3n a partir de la recuperaci\u00f3n de la democracia en Espa\u00f1a, lento inicialmente y acelerado a partir de la d\u00e9cada de 1990, pero desigual en todo caso, con un destacado papel de las comunidades aut\u00f3nomas en ello.<\/p><p>M\u00e1s all\u00e1 de los procesos de extinci\u00f3n de numerosas asociaciones debido a los procesos hist\u00f3ricos ya referidos en la secci\u00f3n anterior, creemos necesario abordar la supervivencia de las asociaciones desde sus din\u00e1micas internas. En el caso de Caracas opera claramente el influjo de un exilio cualificado como el vasco, y de una emigraci\u00f3n econ\u00f3mica muy significativa hasta principios de la d\u00e9cada de 1970. En el caso de Buenos Aires, el potente tejido asociativo pudo sostenerse gracias a las inercias se\u00f1aladas, al menos hasta la d\u00e9cada de 1980 en el que se reformula una nueva relaci\u00f3n con Espa\u00f1a. En el caso de La Habana, adem\u00e1s de una misma inercia de un asociacionismo otrora potente, el mantenimiento de muchas sociedades se pudo formular en t\u00e9rminos de refugio social y econ\u00f3mico, a trav\u00e9s de pr\u00e1cticas de apoyo mutuo, sentidos de identificaci\u00f3n y, a finales de siglo, ayudas econ\u00f3micas recibidas desde Espa\u00f1a y canalizadas en parte a trav\u00e9s de las asociaciones.<\/p><p>En el conjunto de estos procesos, encontramos a las mujeres, j\u00f3venes descendientes de los directivos, ocupadas en tareas de organizaci\u00f3n de actividades culturales \u2013como las referidas al folclore regional y nacional- o asistenciales -como el cuidado de los ancianos o el mantenimiento del pante\u00f3n de la sociedad-. A pesar de esta posici\u00f3n subalterna, creemos que su rol es fundamental en la continuidad de las asociaciones, siendo esta una hip\u00f3tesis central en la investigaci\u00f3n. Por otro lado, creemos poder encontrar conflictos intergeneracionales, as\u00ed como el progresivo protagonismo de las mujeres en espacios claramente gerontocr\u00e1ticos y masculinizados, motivos por los cuales muchas optaron por salir de las asociaciones y, las m\u00e1s comprometidas pol\u00edticamente, por reconducir su compromiso hacia la militancia en organizaciones de la sociedad receptora.<\/p><p>En resumen, focalizamos nuestro inter\u00e9s en las din\u00e1micas y pr\u00e1cticas asociativas, en las coyunturas y actores que influyeron en ellas, y en c\u00f3mo pudieron contribuir a su sostenimiento o desaparici\u00f3n. En estas transformaciones asociativas entendemos que los estados, tanto en el pa\u00eds receptor como en el emisor, han tenido un papel clave: su progresiva presencia en los procesos de incorporaci\u00f3n es uno de los elementos que diferencian al asociacionismo de las migraciones masivas de europeos a Am\u00e9rica del asociacionismo de las migraciones latinoamericanas actuales a Europa (Moya 2005). El asociacionismo espa\u00f1ol en Am\u00e9rica se ver\u00e1 transformado a lo largo de la segunda mitad del siglo XX por efecto del proceso de nacionalizaci\u00f3n del estado receptor y su objetivo asimilacionista, a trav\u00e9s de pol\u00edticas asistenciales y educativas primero, y desde la celebraci\u00f3n de la diversidad cultural desde mediados de los ochenta. A su vez, la situaci\u00f3n pol\u00edtica del pa\u00eds emisor, Espa\u00f1a, ejercer\u00e1 su influencia en los cambios que se producen en las asociaciones particularmente en el \u00faltimo cuarto del siglo XX. La situaci\u00f3n pol\u00edtica en Espa\u00f1a, en la transici\u00f3n de la dictadura a la democracia, afectar\u00e1 a la pervivencia de las asociaciones republicanas y las defensoras de los exiliados y nacionalistas. As\u00ed mismo, la acci\u00f3n decidida de algunas comunidades aut\u00f3nomas espa\u00f1olas a partir de mediados de los ochenta, llevar\u00e1 a recuperar o crear relaciones con las entidades provinciales y microterritoriales, enviar ayudas econ\u00f3micas y fomentar la vinculaci\u00f3n del asociacionismo a trav\u00e9s del federalismo. En ello jugar\u00e1 un papel destacado la recuperaci\u00f3n del voto exterior posiblemente m\u00e1s como herramienta de reafirmaci\u00f3n pol\u00edtica e identitaria que por su impacto electoral en Espa\u00f1a. En medio de estas din\u00e1micas, la geopol\u00edtica condiciona el proceso migratorio de incorporaci\u00f3n, como se\u00f1alan Gupta y Ferguson (1997) de tal manera que la conversi\u00f3n de Am\u00e9rica Latina en subcontinente emisor, salpicado de crisis pol\u00edticas y econ\u00f3micas y receptor a su vez de nuevas migraciones desde los pa\u00edses lim\u00edtrofes, frente a la conversi\u00f3n de Europa en lugar de inmigraci\u00f3n, cambiar\u00e1 la imagen de estas entidades y del pa\u00eds de origen.<\/p><p>En un plano m\u00e1s te\u00f3rico, en un momento en que Espa\u00f1a es un pa\u00eds receptor de inmigrantes, el estudio del asociacionismo migrante espa\u00f1ol en Am\u00e9rica durante la d\u00e9cada de los sesenta y posteriores, quiere contribuir al di\u00e1logo entre historiadores, soci\u00f3logos y antrop\u00f3logos. \u00bfPodemos suponer que la \u00e9poca de los sesenta supone una frontera temporal entre las viejas migraciones (las hist\u00f3ricas, de europeos a Am\u00e9rica) y las nuevas, de latinoamericanos, asi\u00e1ticos y africanos a EEUU, Canad\u00e1, Australia, etc. o extracomunitarios a Europa)? Las primeras han sido abordadas por los historiadores, las segundas por los soci\u00f3logos y antrop\u00f3logos, por ello, nos parece fundamental que los historiadores (con formaci\u00f3n y experiencia adem\u00e1s en otras disciplinas como es el caso de los IP de este proyecto) puedan aportar a este debate sobre el proceso de incorporaci\u00f3n de los migrantes a la sociedad receptora (Merino 2011) o la formulaci\u00f3n de nuevos par\u00e1metros de vinculaci\u00f3n con la sociedad espa\u00f1ola (Dacosta 2020). Como bien se ha advertido, los historiadores han desenmascarado supuestas nuevas tendencias de an\u00e1lisis, como el transnacionalismo o el declive de la segunda generaci\u00f3n \u201ccomo vino viejo en botella nueva\u201d, necesit\u00e1ndose de espacios de encuentro interdisciplinar (Lucassen 2002: 85). Por fortuna, en un intento por superar esta situaci\u00f3n, Jos\u00e9 Moya, historiador de la emigraci\u00f3n espa\u00f1ola a Argentina y miembro de nuestro equipo, fue llamado a contribuir en un monogr\u00e1fico sobre asociacionismo e integraci\u00f3n en Europa para el prestigioso <em>Journal of Ethnic and Migration Studies.<\/em> Por ello, el conocimiento hist\u00f3rico nos permite repensar acad\u00e9micamente la entidad y utilidad de conceptos tales como \u201cintegraci\u00f3n\u201d, \u201casimilaci\u00f3n\u201d, \u201cpluralismo cultural\u201d o \u201cidentidad\u201d. \u00bfEstamos ante las herramientas conceptuales apropiadas? \u00bfCu\u00e1les son las din\u00e1micas propias del proceso de incorporaci\u00f3n? \u00bfCu\u00e1l es el papel de las asociaciones cuando los inmigrantes llevan d\u00e9cadas asentados? \u00bfQu\u00e9 incentivos pueden explicar la participaci\u00f3n de descendientes de inmigrantes u otros en las asociaciones cuando \u00e9stas ya no proporcionan los beneficios (servicios, seguridad y sociabilidad entre paisanos) para lo que se fundaron originalmente? \u00bfQu\u00e9 coyunturas favorecen o frenan la continuidad de estas instituciones? \u00bfC\u00f3mo interpretar la pervivencia de estas entidades si los socios son hijos o nietos que ni nacieron ni visitaron el lugar de nacimiento de sus padres o abuelos? Estas preguntas solo pueden responderse desde una necesaria perspectiva hist\u00f3rica y cr\u00edtica.<\/p><p><!-- \/wp:paragraph --><\/p>\t\t\t\t\t\t<\/div>\n\t\t\t\t<\/div>\n\t\t\t\t\t<\/div>\n\t\t<\/div>\n\t\t\t\t\t<\/div>\n\t\t<\/section>\n\t\t\t\t<section class=\"elementor-section elementor-top-section elementor-element elementor-element-739e2ab elementor-section-boxed elementor-section-height-default elementor-section-height-default\" data-id=\"739e2ab\" data-element_type=\"section\">\n\t\t\t\t\t\t<div class=\"elementor-container elementor-column-gap-default\">\n\t\t\t\t\t<div class=\"elementor-column elementor-col-100 elementor-top-column elementor-element elementor-element-4ce795e\" data-id=\"4ce795e\" data-element_type=\"column\">\n\t\t\t<div class=\"elementor-widget-wrap\">\n\t\t\t\t\t\t\t<\/div>\n\t\t<\/div>\n\t\t\t\t\t<\/div>\n\t\t<\/section>\n\t\t\t\t<\/div>\n\t\t","protected":false},"excerpt":{"rendered":"<p>Hip\u00f3tesis de partida En este proyecto queremos analizar y documentar el panorama asociativo de la emigraci\u00f3n espa\u00f1ola a Am\u00e9rica en a partir de la d\u00e9cada de los sesenta hasta final de siglo prioritariamente, un periodo apenas abordado por la historiograf\u00eda, una etapa en la que se frena la emigraci\u00f3n y comienza el retorno, cuando nuevas [&hellip;]<\/p>\n","protected":false},"author":4,"featured_media":0,"parent":0,"menu_order":0,"comment_status":"closed","ping_status":"closed","template":"","meta":{"footnotes":""},"_links":{"self":[{"href":"https:\/\/asociacionismodelaemigracionespanola.com\/index.php\/wp-json\/wp\/v2\/pages\/2348"}],"collection":[{"href":"https:\/\/asociacionismodelaemigracionespanola.com\/index.php\/wp-json\/wp\/v2\/pages"}],"about":[{"href":"https:\/\/asociacionismodelaemigracionespanola.com\/index.php\/wp-json\/wp\/v2\/types\/page"}],"author":[{"embeddable":true,"href":"https:\/\/asociacionismodelaemigracionespanola.com\/index.php\/wp-json\/wp\/v2\/users\/4"}],"replies":[{"embeddable":true,"href":"https:\/\/asociacionismodelaemigracionespanola.com\/index.php\/wp-json\/wp\/v2\/comments?post=2348"}],"version-history":[{"count":3,"href":"https:\/\/asociacionismodelaemigracionespanola.com\/index.php\/wp-json\/wp\/v2\/pages\/2348\/revisions"}],"predecessor-version":[{"id":2351,"href":"https:\/\/asociacionismodelaemigracionespanola.com\/index.php\/wp-json\/wp\/v2\/pages\/2348\/revisions\/2351"}],"wp:attachment":[{"href":"https:\/\/asociacionismodelaemigracionespanola.com\/index.php\/wp-json\/wp\/v2\/media?parent=2348"}],"curies":[{"name":"wp","href":"https:\/\/api.w.org\/{rel}","templated":true}]}}