{"id":2352,"date":"2023-11-06T18:42:38","date_gmt":"2023-11-06T18:42:38","guid":{"rendered":"https:\/\/asociacionismodelaemigracionespanola.com\/?page_id=2352"},"modified":"2023-11-06T18:44:13","modified_gmt":"2023-11-06T18:44:13","slug":"resultados-y-contribuciones-previos-del-equipo-de-investigacion-que-avalan-la-propuesta","status":"publish","type":"page","link":"https:\/\/asociacionismodelaemigracionespanola.com\/index.php\/resultados-y-contribuciones-previos-del-equipo-de-investigacion-que-avalan-la-propuesta\/","title":{"rendered":"Resultados y contribuciones previos del equipo de investigaci\u00f3n que avalan la propuesta"},"content":{"rendered":"\t\t<div data-elementor-type=\"wp-page\" data-elementor-id=\"2352\" class=\"elementor elementor-2352\" data-elementor-post-type=\"page\">\n\t\t\t\t\t\t<section class=\"elementor-section elementor-top-section elementor-element elementor-element-dda109c elementor-section-boxed elementor-section-height-default elementor-section-height-default\" data-id=\"dda109c\" data-element_type=\"section\">\n\t\t\t\t\t\t<div class=\"elementor-container elementor-column-gap-default\">\n\t\t\t\t\t<div class=\"elementor-column elementor-col-100 elementor-top-column elementor-element elementor-element-da2fd69\" data-id=\"da2fd69\" data-element_type=\"column\">\n\t\t\t<div class=\"elementor-widget-wrap elementor-element-populated\">\n\t\t\t\t\t\t<div class=\"elementor-element elementor-element-8f3028c elementor-widget elementor-widget-spacer\" data-id=\"8f3028c\" data-element_type=\"widget\" data-widget_type=\"spacer.default\">\n\t\t\t\t<div class=\"elementor-widget-container\">\n\t\t\t<style>\/*! elementor - v3.22.0 - 26-06-2024 *\/\n.elementor-column .elementor-spacer-inner{height:var(--spacer-size)}.e-con{--container-widget-width:100%}.e-con-inner>.elementor-widget-spacer,.e-con>.elementor-widget-spacer{width:var(--container-widget-width,var(--spacer-size));--align-self:var(--container-widget-align-self,initial);--flex-shrink:0}.e-con-inner>.elementor-widget-spacer>.elementor-widget-container,.e-con>.elementor-widget-spacer>.elementor-widget-container{height:100%;width:100%}.e-con-inner>.elementor-widget-spacer>.elementor-widget-container>.elementor-spacer,.e-con>.elementor-widget-spacer>.elementor-widget-container>.elementor-spacer{height:100%}.e-con-inner>.elementor-widget-spacer>.elementor-widget-container>.elementor-spacer>.elementor-spacer-inner,.e-con>.elementor-widget-spacer>.elementor-widget-container>.elementor-spacer>.elementor-spacer-inner{height:var(--container-widget-height,var(--spacer-size))}.e-con-inner>.elementor-widget-spacer.elementor-widget-empty,.e-con>.elementor-widget-spacer.elementor-widget-empty{position:relative;min-height:22px;min-width:22px}.e-con-inner>.elementor-widget-spacer.elementor-widget-empty .elementor-widget-empty-icon,.e-con>.elementor-widget-spacer.elementor-widget-empty .elementor-widget-empty-icon{position:absolute;top:0;bottom:0;left:0;right:0;margin:auto;padding:0;width:22px;height:22px}<\/style>\t\t<div class=\"elementor-spacer\">\n\t\t\t<div class=\"elementor-spacer-inner\"><\/div>\n\t\t<\/div>\n\t\t\t\t<\/div>\n\t\t\t\t<\/div>\n\t\t\t\t<div class=\"elementor-element elementor-element-d6909cd elementor-widget elementor-widget-spacer\" data-id=\"d6909cd\" data-element_type=\"widget\" data-widget_type=\"spacer.default\">\n\t\t\t\t<div class=\"elementor-widget-container\">\n\t\t\t\t\t<div class=\"elementor-spacer\">\n\t\t\t<div class=\"elementor-spacer-inner\"><\/div>\n\t\t<\/div>\n\t\t\t\t<\/div>\n\t\t\t\t<\/div>\n\t\t\t\t\t<\/div>\n\t\t<\/div>\n\t\t\t\t\t<\/div>\n\t\t<\/section>\n\t\t\t\t<section class=\"elementor-section elementor-top-section elementor-element elementor-element-0c1d94a elementor-section-boxed elementor-section-height-default elementor-section-height-default\" data-id=\"0c1d94a\" data-element_type=\"section\">\n\t\t\t\t\t\t<div class=\"elementor-container elementor-column-gap-default\">\n\t\t\t\t\t<div class=\"elementor-column elementor-col-100 elementor-top-column elementor-element elementor-element-7207d35\" data-id=\"7207d35\" data-element_type=\"column\">\n\t\t\t<div class=\"elementor-widget-wrap elementor-element-populated\">\n\t\t\t\t\t\t<div class=\"elementor-element elementor-element-6ed9d08 elementor-widget elementor-widget-heading\" data-id=\"6ed9d08\" data-element_type=\"widget\" data-widget_type=\"heading.default\">\n\t\t\t\t<div class=\"elementor-widget-container\">\n\t\t\t<style>\/*! elementor - v3.22.0 - 26-06-2024 *\/\n.elementor-heading-title{padding:0;margin:0;line-height:1}.elementor-widget-heading .elementor-heading-title[class*=elementor-size-]>a{color:inherit;font-size:inherit;line-height:inherit}.elementor-widget-heading .elementor-heading-title.elementor-size-small{font-size:15px}.elementor-widget-heading .elementor-heading-title.elementor-size-medium{font-size:19px}.elementor-widget-heading .elementor-heading-title.elementor-size-large{font-size:29px}.elementor-widget-heading .elementor-heading-title.elementor-size-xl{font-size:39px}.elementor-widget-heading .elementor-heading-title.elementor-size-xxl{font-size:59px}<\/style><h2 class=\"elementor-heading-title elementor-size-default\">Resultados y contribuciones previos del equipo de investigaci\u00f3n que avalan la propuesta<\/h2>\t\t<\/div>\n\t\t\t\t<\/div>\n\t\t\t\t\t<\/div>\n\t\t<\/div>\n\t\t\t\t\t<\/div>\n\t\t<\/section>\n\t\t\t\t<section class=\"elementor-section elementor-top-section elementor-element elementor-element-9b01c35 elementor-section-boxed elementor-section-height-default elementor-section-height-default\" data-id=\"9b01c35\" data-element_type=\"section\">\n\t\t\t\t\t\t<div class=\"elementor-container elementor-column-gap-default\">\n\t\t\t\t\t<div class=\"elementor-column elementor-col-100 elementor-top-column elementor-element elementor-element-629e892\" data-id=\"629e892\" data-element_type=\"column\">\n\t\t\t<div class=\"elementor-widget-wrap elementor-element-populated\">\n\t\t\t\t\t\t<div class=\"elementor-element elementor-element-6ed7643 elementor-widget elementor-widget-text-editor\" data-id=\"6ed7643\" data-element_type=\"widget\" data-widget_type=\"text-editor.default\">\n\t\t\t\t<div class=\"elementor-widget-container\">\n\t\t\t<style>\/*! elementor - v3.22.0 - 26-06-2024 *\/\n.elementor-widget-text-editor.elementor-drop-cap-view-stacked .elementor-drop-cap{background-color:#69727d;color:#fff}.elementor-widget-text-editor.elementor-drop-cap-view-framed .elementor-drop-cap{color:#69727d;border:3px solid;background-color:transparent}.elementor-widget-text-editor:not(.elementor-drop-cap-view-default) .elementor-drop-cap{margin-top:8px}.elementor-widget-text-editor:not(.elementor-drop-cap-view-default) .elementor-drop-cap-letter{width:1em;height:1em}.elementor-widget-text-editor .elementor-drop-cap{float:left;text-align:center;line-height:1;font-size:50px}.elementor-widget-text-editor .elementor-drop-cap-letter{display:inline-block}<\/style>\t\t\t\t<p><!-- wp:paragraph --><\/p><p>Uno de los focos de inter\u00e9s del proyecto est\u00e1 en Buenos Aires. Una de las IP del proyecto, Asunci\u00f3n Merino, ha investigado el asociacionismo de la emigraci\u00f3n espa\u00f1ola en Argentina durante la \u00faltima d\u00e9cada del siglo XX y las primeras d\u00e9cadas del siglo XXI: la revitalizaci\u00f3n asociativa de entidades regionales al comp\u00e1s de las transformaciones pol\u00edticas en el pa\u00eds de origen y desde una perspectiva interdisciplinar, combinando conceptos propios de la sociolog\u00eda de las migraciones como asimilaci\u00f3n, pluralismo cultural, asociacionismo inmigrante, integraci\u00f3n, con los de Antropolog\u00eda, como transnacionalismo, etnicidad, pol\u00edticas de identidad y pol\u00edticas de pertenencia (Merino 2012, 2014, 2016, 2018, 2020). Anteriormente, ha investigado la inmigraci\u00f3n argentina en Espa\u00f1a (Gonz\u00e1lez y Merino 2007, Gonz\u00e1lez, Merino y Yankelevich 2021), adem\u00e1s de la inmigraci\u00f3n peruana (Merino 2002, 2004) lo que le facilita una visi\u00f3n de conjunto de la relaci\u00f3n migratoria entre Espa\u00f1a y Argentina y de los procesos migratorios de los emigrantes y sus descendientes. Como historiadora se forj\u00f3 en Yale University con la beca Fullbright y su experiencia como investigadora de las migraciones viene avalada por su participaci\u00f3n en proyectos Departamento de Historia de Am\u00e9rica del CSIC, bajo la direcci\u00f3n de Elda Gonz\u00e1lez, desde la beca FPI, lo que incluye la direcci\u00f3n de su proyecto sobre la migraci\u00f3n espa\u00f1ola en el programa Ram\u00f3n y Cajal y la participaci\u00f3n en el proyecto para la Direcci\u00f3n General de Migraciones donde se realiz\u00f3 un mapeo de asociaciones en el Gran Buenos Aires para 2010 y se elabor\u00f3 un protocolo de conservaci\u00f3n de patrimonio documental. A ello se suman las contribuciones de otros miembros del equipo de investigaci\u00f3n, centradas principalmente en las asociaciones espa\u00f1olas de car\u00e1cter pol\u00edtico, como las de B\u00e1rbara Ortu\u00f1o y Oscar \u00c1lvarez Gila, expertos en el asociacionismo del exilio espa\u00f1ol y en temas de g\u00e9nero y migraciones en Argentina y en asociacionismo vasco en Am\u00e9rica respectivamente, a las que se suman las de Katarzyna Porada, que ha trabajado la transformaci\u00f3n del asociacionismo migrante en Argentina a partir de la d\u00e9cada de los sesenta para el caso del colectivo polaco. Por otro lado, algunos miembros del equipo de trabajo como Jos\u00e9 C. Moya o Alejandro E. Fern\u00e1ndez son referentes internacionales en el estudio del asociacionismo migrante espa\u00f1ol en Buenos Aires.<\/p><p>Otro foco de inter\u00e9s, La Habana, ha sido trabajado por el otro IP del proyecto, Arsenio Dacosta, junto con Juan Andr\u00e9s Blanco y el resto de sus colaboradores, que forman parte del equipo de trabajo. El abordaje del asociacionismo migrante espa\u00f1ol en Cuba se inici\u00f3 a finales del siglo pasado y se multiplic\u00f3 a partir de 2011 con estudios de caso sobre asociaciones emigrantes procedentes de las provincias de la actual comunidad aut\u00f3noma de Castilla y Le\u00f3n (Blanco 1993, Blanco y Dacosta 2014, Blanco et al. 2017 y 2020). Sin alejarse de este foco territorial, se ha trabajado sobre el contexto socioecon\u00f3mico y pol\u00edtico en el que se mueven los emigrantes espa\u00f1oles en Cuba, fundamentalmente en La Habana (Blanco 2005, 2018, 2020, Blanco y Garc\u00eda \u00c1lvarez 2009 y 2016, Blanco et al. 2019). En estos estudios, se han abordado aspectos como las din\u00e1micas identitarias en el seno del asociacionismo migrante no solo para Cuba sino para el conjunto de Iberoam\u00e9rica (Blanco y Dacosta 2014, Dacosta 2017, Dacosta y Blanco 2019) y, de forma particular tambi\u00e9n, mediante estudios de caso apoyados tanto por fuentes de archivo, con el foco puesto tanto en la recuperaci\u00f3n y an\u00e1lisis de los fondos de las asociaciones, como en el levantamiento de fuentes orales o relatos biogr\u00e1ficos. Adem\u00e1s de alguna autobiograf\u00eda sumamente ilustrativa de los procesos de resiliencia asociativa como es la de Francisco S\u00e1nchez Tamame (Blanco, Dacosta y S\u00e1nchez, 2016), se ha analizado el proceso de mediaci\u00f3n de las asociaciones en la construcci\u00f3n de la memoria migrante y el proceso inverso, esto es, la conservaci\u00f3n de la historia asociativa en el seno de las memorias familiares (Dacosta, 2020; Dacosta y Blanco, 2020). Tambi\u00e9n se han realizado entrevistas con dirigentes y antiguos dirigentes asociativos en Cuba y en Espa\u00f1a; una labor que, junto con la depuraci\u00f3n y sistematizaci\u00f3n del an\u00e1lisis de materiales como la documentaci\u00f3n familiar, los films producidos por las asociaciones o la fotograf\u00eda, para lo que se cuenta con el concurso de expertos en estas tipolog\u00edas documentales como Monteagudo, S\u00e1nchez, Frutos y L\u00f3pez San Segundo. Esta tarea es fundamental ya que para el periodo escogido las fuentes de archivo plantean problemas importantes de conservaci\u00f3n, volumen y sesgo motivados por los contextos pol\u00edticos de Espa\u00f1a, Argentina, Cuba y Venezuela en las \u00faltimas d\u00e9cadas del siglo XX. El trabajo realizado desde 2011 en el Centro de Estudios de la Emigraci\u00f3n Castellana y Leonesa, bajo coordinaci\u00f3n t\u00e9cnica de Arsenio Dacosta, ha ofrecido experiencias en el campo de la difusi\u00f3n y transferencia pero, sobre todo, la necesidad de explotar las posibilidades de an\u00e1lisis de estos repositorios.<\/p><p><!-- \/wp:paragraph --><\/p>\t\t\t\t\t\t<\/div>\n\t\t\t\t<\/div>\n\t\t\t\t\t<\/div>\n\t\t<\/div>\n\t\t\t\t\t<\/div>\n\t\t<\/section>\n\t\t\t\t<\/div>\n\t\t","protected":false},"excerpt":{"rendered":"<p>Resultados y contribuciones previos del equipo de investigaci\u00f3n que avalan la propuesta Uno de los focos de inter\u00e9s del proyecto est\u00e1 en Buenos Aires. Una de las IP del proyecto, Asunci\u00f3n Merino, ha investigado el asociacionismo de la emigraci\u00f3n espa\u00f1ola en Argentina durante la \u00faltima d\u00e9cada del siglo XX y las primeras d\u00e9cadas del siglo [&hellip;]<\/p>\n","protected":false},"author":4,"featured_media":0,"parent":0,"menu_order":0,"comment_status":"closed","ping_status":"closed","template":"","meta":{"footnotes":""},"_links":{"self":[{"href":"https:\/\/asociacionismodelaemigracionespanola.com\/index.php\/wp-json\/wp\/v2\/pages\/2352"}],"collection":[{"href":"https:\/\/asociacionismodelaemigracionespanola.com\/index.php\/wp-json\/wp\/v2\/pages"}],"about":[{"href":"https:\/\/asociacionismodelaemigracionespanola.com\/index.php\/wp-json\/wp\/v2\/types\/page"}],"author":[{"embeddable":true,"href":"https:\/\/asociacionismodelaemigracionespanola.com\/index.php\/wp-json\/wp\/v2\/users\/4"}],"replies":[{"embeddable":true,"href":"https:\/\/asociacionismodelaemigracionespanola.com\/index.php\/wp-json\/wp\/v2\/comments?post=2352"}],"version-history":[{"count":4,"href":"https:\/\/asociacionismodelaemigracionespanola.com\/index.php\/wp-json\/wp\/v2\/pages\/2352\/revisions"}],"predecessor-version":[{"id":2356,"href":"https:\/\/asociacionismodelaemigracionespanola.com\/index.php\/wp-json\/wp\/v2\/pages\/2352\/revisions\/2356"}],"wp:attachment":[{"href":"https:\/\/asociacionismodelaemigracionespanola.com\/index.php\/wp-json\/wp\/v2\/media?parent=2352"}],"curies":[{"name":"wp","href":"https:\/\/api.w.org\/{rel}","templated":true}]}}