{"id":2375,"date":"2023-11-06T18:49:19","date_gmt":"2023-11-06T18:49:19","guid":{"rendered":"https:\/\/asociacionismodelaemigracionespanola.com\/?page_id=2375"},"modified":"2023-11-06T18:50:03","modified_gmt":"2023-11-06T18:50:03","slug":"metodologia","status":"publish","type":"page","link":"https:\/\/asociacionismodelaemigracionespanola.com\/index.php\/metodologia\/","title":{"rendered":"Metodolog\u00eda"},"content":{"rendered":"\t\t<div data-elementor-type=\"wp-page\" data-elementor-id=\"2375\" class=\"elementor elementor-2375\" data-elementor-post-type=\"page\">\n\t\t\t\t\t\t<section class=\"elementor-section elementor-top-section elementor-element elementor-element-0f767dd elementor-section-boxed elementor-section-height-default elementor-section-height-default\" data-id=\"0f767dd\" data-element_type=\"section\">\n\t\t\t\t\t\t<div class=\"elementor-container elementor-column-gap-default\">\n\t\t\t\t\t<div class=\"elementor-column elementor-col-100 elementor-top-column elementor-element elementor-element-e05dd7b\" data-id=\"e05dd7b\" data-element_type=\"column\">\n\t\t\t<div class=\"elementor-widget-wrap elementor-element-populated\">\n\t\t\t\t\t\t<div class=\"elementor-element elementor-element-b6f09f9 elementor-widget elementor-widget-spacer\" data-id=\"b6f09f9\" data-element_type=\"widget\" data-widget_type=\"spacer.default\">\n\t\t\t\t<div class=\"elementor-widget-container\">\n\t\t\t<style>\/*! elementor - v3.22.0 - 26-06-2024 *\/\n.elementor-column .elementor-spacer-inner{height:var(--spacer-size)}.e-con{--container-widget-width:100%}.e-con-inner>.elementor-widget-spacer,.e-con>.elementor-widget-spacer{width:var(--container-widget-width,var(--spacer-size));--align-self:var(--container-widget-align-self,initial);--flex-shrink:0}.e-con-inner>.elementor-widget-spacer>.elementor-widget-container,.e-con>.elementor-widget-spacer>.elementor-widget-container{height:100%;width:100%}.e-con-inner>.elementor-widget-spacer>.elementor-widget-container>.elementor-spacer,.e-con>.elementor-widget-spacer>.elementor-widget-container>.elementor-spacer{height:100%}.e-con-inner>.elementor-widget-spacer>.elementor-widget-container>.elementor-spacer>.elementor-spacer-inner,.e-con>.elementor-widget-spacer>.elementor-widget-container>.elementor-spacer>.elementor-spacer-inner{height:var(--container-widget-height,var(--spacer-size))}.e-con-inner>.elementor-widget-spacer.elementor-widget-empty,.e-con>.elementor-widget-spacer.elementor-widget-empty{position:relative;min-height:22px;min-width:22px}.e-con-inner>.elementor-widget-spacer.elementor-widget-empty .elementor-widget-empty-icon,.e-con>.elementor-widget-spacer.elementor-widget-empty .elementor-widget-empty-icon{position:absolute;top:0;bottom:0;left:0;right:0;margin:auto;padding:0;width:22px;height:22px}<\/style>\t\t<div class=\"elementor-spacer\">\n\t\t\t<div class=\"elementor-spacer-inner\"><\/div>\n\t\t<\/div>\n\t\t\t\t<\/div>\n\t\t\t\t<\/div>\n\t\t\t\t\t<\/div>\n\t\t<\/div>\n\t\t\t\t\t<\/div>\n\t\t<\/section>\n\t\t\t\t<section class=\"elementor-section elementor-top-section elementor-element elementor-element-15bd907 elementor-section-boxed elementor-section-height-default elementor-section-height-default\" data-id=\"15bd907\" data-element_type=\"section\">\n\t\t\t\t\t\t<div class=\"elementor-container elementor-column-gap-default\">\n\t\t\t\t\t<div class=\"elementor-column elementor-col-100 elementor-top-column elementor-element elementor-element-ccec12d\" data-id=\"ccec12d\" data-element_type=\"column\">\n\t\t\t<div class=\"elementor-widget-wrap elementor-element-populated\">\n\t\t\t\t\t\t<div class=\"elementor-element elementor-element-d55527a elementor-widget elementor-widget-heading\" data-id=\"d55527a\" data-element_type=\"widget\" data-widget_type=\"heading.default\">\n\t\t\t\t<div class=\"elementor-widget-container\">\n\t\t\t<style>\/*! elementor - v3.22.0 - 26-06-2024 *\/\n.elementor-heading-title{padding:0;margin:0;line-height:1}.elementor-widget-heading .elementor-heading-title[class*=elementor-size-]>a{color:inherit;font-size:inherit;line-height:inherit}.elementor-widget-heading .elementor-heading-title.elementor-size-small{font-size:15px}.elementor-widget-heading .elementor-heading-title.elementor-size-medium{font-size:19px}.elementor-widget-heading .elementor-heading-title.elementor-size-large{font-size:29px}.elementor-widget-heading .elementor-heading-title.elementor-size-xl{font-size:39px}.elementor-widget-heading .elementor-heading-title.elementor-size-xxl{font-size:59px}<\/style><h2 class=\"elementor-heading-title elementor-size-default\">Metodolog\u00eda <\/h2>\t\t<\/div>\n\t\t\t\t<\/div>\n\t\t\t\t\t<\/div>\n\t\t<\/div>\n\t\t\t\t\t<\/div>\n\t\t<\/section>\n\t\t\t\t<section class=\"elementor-section elementor-top-section elementor-element elementor-element-5f18f48 elementor-section-boxed elementor-section-height-default elementor-section-height-default\" data-id=\"5f18f48\" data-element_type=\"section\">\n\t\t\t\t\t\t<div class=\"elementor-container elementor-column-gap-default\">\n\t\t\t\t\t<div class=\"elementor-column elementor-col-100 elementor-top-column elementor-element elementor-element-514d27b\" data-id=\"514d27b\" data-element_type=\"column\">\n\t\t\t<div class=\"elementor-widget-wrap elementor-element-populated\">\n\t\t\t\t\t\t<div class=\"elementor-element elementor-element-e75bc6b elementor-widget elementor-widget-text-editor\" data-id=\"e75bc6b\" data-element_type=\"widget\" data-widget_type=\"text-editor.default\">\n\t\t\t\t<div class=\"elementor-widget-container\">\n\t\t\t<style>\/*! elementor - v3.22.0 - 26-06-2024 *\/\n.elementor-widget-text-editor.elementor-drop-cap-view-stacked .elementor-drop-cap{background-color:#69727d;color:#fff}.elementor-widget-text-editor.elementor-drop-cap-view-framed .elementor-drop-cap{color:#69727d;border:3px solid;background-color:transparent}.elementor-widget-text-editor:not(.elementor-drop-cap-view-default) .elementor-drop-cap{margin-top:8px}.elementor-widget-text-editor:not(.elementor-drop-cap-view-default) .elementor-drop-cap-letter{width:1em;height:1em}.elementor-widget-text-editor .elementor-drop-cap{float:left;text-align:center;line-height:1;font-size:50px}.elementor-widget-text-editor .elementor-drop-cap-letter{display:inline-block}<\/style>\t\t\t\t<p><!-- wp:paragraph --><\/p><p>Para el <strong>objetivo A<\/strong>, en lo que afecta al mapa del asociacionismo migrante espa\u00f1ol en Buenos Aires, Caracas y La Habana, utilizaremos t\u00e9cnicas convencionales de investigaci\u00f3n para elaborar una base de datos, combinando el an\u00e1lisis historiogr\u00e1fico, las fuentes documentales y las entrevistas. Todo ello se volcar\u00e1 y gestionar\u00e1 mediante un SIG que pueda actualizarse y mostrarse en abierto, con capas din\u00e1micas en cuanto a cronolog\u00eda y espacios urbanos. En paralelo, en esta base de datos se incluir\u00e1 tambi\u00e9n la informaci\u00f3n referida a los fondos archiv\u00edsticos, disponible en gran medida gracias a los esfuerzos de sistematizaci\u00f3n de entidades como el Archivo de Indianos, el Centro de Estudios de la Emigraci\u00f3n Castellana y Leonesa, el Archivo de la Di\u00e1spora Vasca o el Arquivo da Emigraci\u00f3n Galega. En este inventario se incluir\u00e1n las colecciones de fotograf\u00eda, cine o correspondencia que est\u00e9n en manos de particulares y podamos vincular con asociaciones espa\u00f1olas concretas.<\/p><p>Para los <strong>objetivos B, C, D y E<\/strong> se requiere de una metodolog\u00eda combinada que se sustentar\u00e1 en el an\u00e1lisis hist\u00f3rico de las fuentes documentales y en las entrevistas. Tiene aqu\u00ed un papel destacado el estudio de fondos archiv\u00edsticos de instituciones estatales de los pa\u00edses receptores y espa\u00f1ola. Tanto o m\u00e1s inter\u00e9s que los documentos oficiales, tienen los documentos producidos por las asociaciones; debemos aproximarnos al contenido de su documentaci\u00f3n formal para las d\u00e9cadas de 1960 en adelante, cuando se conserva. Para las tres localizaciones tambi\u00e9n hemos previsto la realizaci\u00f3n de entrevistas a directivos y socios recurriendo a una metodolog\u00eda sobradamente testada para el caso que nos ocupa (Merino 2012) y que es fundamental para el desarrollo de otro de los objetivos, el F. El n\u00famero deseado de entrevistas se sit\u00faa, para cada ciudad, en unas 30, buscando aqu\u00ed el \u201cpunto de saturaci\u00f3n\u201d que se\u00f1al\u00f3 Bertaux. El estudio combinado de todos estos materiales debe cruzarse para alcanzar los objetivos propuestos.<\/p><p>Para el <strong>objetivo F<\/strong> (y el A en lo que ata\u00f1e al mapeo de archivos) nos nutrimos del marco interdisciplinar de la historia digital (Seefeldt y Thomas, 2009; Weller, 2013) que analiza y representa el conocimiento hist\u00f3rico al combinar la historiograf\u00eda de corte cl\u00e1sico con el potencial de las tecnolog\u00edas de la informaci\u00f3n y la comunicaci\u00f3n, en este caso concreto, con el mapeo de activos comunitarios (Kretzmann y McKnight, 2004) y con el an\u00e1lisis reticular de coincidencias como t\u00e9cnica de la emergente ciencia de datos (Escobar y Tejero, 2018). A ello se suma nuestra experiencia y reflexiones en la depuraci\u00f3n de bases hist\u00f3ricas de car\u00e1cter prosopogr\u00e1fico en la necesidad de afinar mediante \u201corfebrer\u00eda de datos\u201d (Dacosta y D\u00edaz de Durana, 2017), el an\u00e1lisis y representaci\u00f3n de redes sociales o los nuevos enfoques con perspectiva de g\u00e9nero en la construcci\u00f3n de biograf\u00edas colectivas (Flecha-Garc\u00eda y Palermo, 2019; L\u00f3pez San Segundo y Frutos, 2020).<\/p><p><!-- \/wp:paragraph --><\/p>\t\t\t\t\t\t<\/div>\n\t\t\t\t<\/div>\n\t\t\t\t\t<\/div>\n\t\t<\/div>\n\t\t\t\t\t<\/div>\n\t\t<\/section>\n\t\t\t\t<\/div>\n\t\t","protected":false},"excerpt":{"rendered":"<p>Metodolog\u00eda Para el objetivo A, en lo que afecta al mapa del asociacionismo migrante espa\u00f1ol en Buenos Aires, Caracas y La Habana, utilizaremos t\u00e9cnicas convencionales de investigaci\u00f3n para elaborar una base de datos, combinando el an\u00e1lisis historiogr\u00e1fico, las fuentes documentales y las entrevistas. Todo ello se volcar\u00e1 y gestionar\u00e1 mediante un SIG que pueda actualizarse [&hellip;]<\/p>\n","protected":false},"author":4,"featured_media":0,"parent":0,"menu_order":0,"comment_status":"closed","ping_status":"closed","template":"","meta":{"footnotes":""},"_links":{"self":[{"href":"https:\/\/asociacionismodelaemigracionespanola.com\/index.php\/wp-json\/wp\/v2\/pages\/2375"}],"collection":[{"href":"https:\/\/asociacionismodelaemigracionespanola.com\/index.php\/wp-json\/wp\/v2\/pages"}],"about":[{"href":"https:\/\/asociacionismodelaemigracionespanola.com\/index.php\/wp-json\/wp\/v2\/types\/page"}],"author":[{"embeddable":true,"href":"https:\/\/asociacionismodelaemigracionespanola.com\/index.php\/wp-json\/wp\/v2\/users\/4"}],"replies":[{"embeddable":true,"href":"https:\/\/asociacionismodelaemigracionespanola.com\/index.php\/wp-json\/wp\/v2\/comments?post=2375"}],"version-history":[{"count":4,"href":"https:\/\/asociacionismodelaemigracionespanola.com\/index.php\/wp-json\/wp\/v2\/pages\/2375\/revisions"}],"predecessor-version":[{"id":2379,"href":"https:\/\/asociacionismodelaemigracionespanola.com\/index.php\/wp-json\/wp\/v2\/pages\/2375\/revisions\/2379"}],"wp:attachment":[{"href":"https:\/\/asociacionismodelaemigracionespanola.com\/index.php\/wp-json\/wp\/v2\/media?parent=2375"}],"curies":[{"name":"wp","href":"https:\/\/api.w.org\/{rel}","templated":true}]}}