{"id":2401,"date":"2023-11-06T19:16:31","date_gmt":"2023-11-06T19:16:31","guid":{"rendered":"https:\/\/asociacionismodelaemigracionespanola.com\/?page_id=2401"},"modified":"2023-11-06T19:17:16","modified_gmt":"2023-11-06T19:17:16","slug":"antecedentes-y-estado-actual","status":"publish","type":"page","link":"https:\/\/asociacionismodelaemigracionespanola.com\/index.php\/antecedentes-y-estado-actual\/","title":{"rendered":"Antecedentes y estado actual"},"content":{"rendered":"\t\t<div data-elementor-type=\"wp-page\" data-elementor-id=\"2401\" class=\"elementor elementor-2401\" data-elementor-post-type=\"page\">\n\t\t\t\t\t\t<section class=\"elementor-section elementor-top-section elementor-element elementor-element-848d8b2 elementor-section-boxed elementor-section-height-default elementor-section-height-default\" data-id=\"848d8b2\" data-element_type=\"section\">\n\t\t\t\t\t\t<div class=\"elementor-container elementor-column-gap-default\">\n\t\t\t\t\t<div class=\"elementor-column elementor-col-100 elementor-top-column elementor-element elementor-element-05009d1\" data-id=\"05009d1\" data-element_type=\"column\">\n\t\t\t<div class=\"elementor-widget-wrap elementor-element-populated\">\n\t\t\t\t\t\t<div class=\"elementor-element elementor-element-78d905e elementor-widget elementor-widget-spacer\" data-id=\"78d905e\" data-element_type=\"widget\" data-widget_type=\"spacer.default\">\n\t\t\t\t<div class=\"elementor-widget-container\">\n\t\t\t<style>\/*! elementor - v3.22.0 - 26-06-2024 *\/\n.elementor-column .elementor-spacer-inner{height:var(--spacer-size)}.e-con{--container-widget-width:100%}.e-con-inner>.elementor-widget-spacer,.e-con>.elementor-widget-spacer{width:var(--container-widget-width,var(--spacer-size));--align-self:var(--container-widget-align-self,initial);--flex-shrink:0}.e-con-inner>.elementor-widget-spacer>.elementor-widget-container,.e-con>.elementor-widget-spacer>.elementor-widget-container{height:100%;width:100%}.e-con-inner>.elementor-widget-spacer>.elementor-widget-container>.elementor-spacer,.e-con>.elementor-widget-spacer>.elementor-widget-container>.elementor-spacer{height:100%}.e-con-inner>.elementor-widget-spacer>.elementor-widget-container>.elementor-spacer>.elementor-spacer-inner,.e-con>.elementor-widget-spacer>.elementor-widget-container>.elementor-spacer>.elementor-spacer-inner{height:var(--container-widget-height,var(--spacer-size))}.e-con-inner>.elementor-widget-spacer.elementor-widget-empty,.e-con>.elementor-widget-spacer.elementor-widget-empty{position:relative;min-height:22px;min-width:22px}.e-con-inner>.elementor-widget-spacer.elementor-widget-empty .elementor-widget-empty-icon,.e-con>.elementor-widget-spacer.elementor-widget-empty .elementor-widget-empty-icon{position:absolute;top:0;bottom:0;left:0;right:0;margin:auto;padding:0;width:22px;height:22px}<\/style>\t\t<div class=\"elementor-spacer\">\n\t\t\t<div class=\"elementor-spacer-inner\"><\/div>\n\t\t<\/div>\n\t\t\t\t<\/div>\n\t\t\t\t<\/div>\n\t\t\t\t\t<\/div>\n\t\t<\/div>\n\t\t\t\t\t<\/div>\n\t\t<\/section>\n\t\t\t\t<section class=\"elementor-section elementor-top-section elementor-element elementor-element-d9dc625 elementor-section-boxed elementor-section-height-default elementor-section-height-default\" data-id=\"d9dc625\" data-element_type=\"section\">\n\t\t\t\t\t\t<div class=\"elementor-container elementor-column-gap-default\">\n\t\t\t\t\t<div class=\"elementor-column elementor-col-100 elementor-top-column elementor-element elementor-element-67e7398\" data-id=\"67e7398\" data-element_type=\"column\">\n\t\t\t<div class=\"elementor-widget-wrap elementor-element-populated\">\n\t\t\t\t\t\t<div class=\"elementor-element elementor-element-38b6319 elementor-widget elementor-widget-heading\" data-id=\"38b6319\" data-element_type=\"widget\" data-widget_type=\"heading.default\">\n\t\t\t\t<div class=\"elementor-widget-container\">\n\t\t\t<style>\/*! elementor - v3.22.0 - 26-06-2024 *\/\n.elementor-heading-title{padding:0;margin:0;line-height:1}.elementor-widget-heading .elementor-heading-title[class*=elementor-size-]>a{color:inherit;font-size:inherit;line-height:inherit}.elementor-widget-heading .elementor-heading-title.elementor-size-small{font-size:15px}.elementor-widget-heading .elementor-heading-title.elementor-size-medium{font-size:19px}.elementor-widget-heading .elementor-heading-title.elementor-size-large{font-size:29px}.elementor-widget-heading .elementor-heading-title.elementor-size-xl{font-size:39px}.elementor-widget-heading .elementor-heading-title.elementor-size-xxl{font-size:59px}<\/style><h2 class=\"elementor-heading-title elementor-size-default\">Antecedentes y estado actual<\/h2>\t\t<\/div>\n\t\t\t\t<\/div>\n\t\t\t\t\t<\/div>\n\t\t<\/div>\n\t\t\t\t\t<\/div>\n\t\t<\/section>\n\t\t\t\t<section class=\"elementor-section elementor-top-section elementor-element elementor-element-0b711b4 elementor-section-boxed elementor-section-height-default elementor-section-height-default\" data-id=\"0b711b4\" data-element_type=\"section\">\n\t\t\t\t\t\t<div class=\"elementor-container elementor-column-gap-default\">\n\t\t\t\t\t<div class=\"elementor-column elementor-col-100 elementor-top-column elementor-element elementor-element-b319530\" data-id=\"b319530\" data-element_type=\"column\">\n\t\t\t<div class=\"elementor-widget-wrap elementor-element-populated\">\n\t\t\t\t\t\t<div class=\"elementor-element elementor-element-a382c43 elementor-widget elementor-widget-text-editor\" data-id=\"a382c43\" data-element_type=\"widget\" data-widget_type=\"text-editor.default\">\n\t\t\t\t<div class=\"elementor-widget-container\">\n\t\t\t<style>\/*! elementor - v3.22.0 - 26-06-2024 *\/\n.elementor-widget-text-editor.elementor-drop-cap-view-stacked .elementor-drop-cap{background-color:#69727d;color:#fff}.elementor-widget-text-editor.elementor-drop-cap-view-framed .elementor-drop-cap{color:#69727d;border:3px solid;background-color:transparent}.elementor-widget-text-editor:not(.elementor-drop-cap-view-default) .elementor-drop-cap{margin-top:8px}.elementor-widget-text-editor:not(.elementor-drop-cap-view-default) .elementor-drop-cap-letter{width:1em;height:1em}.elementor-widget-text-editor .elementor-drop-cap{float:left;text-align:center;line-height:1;font-size:50px}.elementor-widget-text-editor .elementor-drop-cap-letter{display:inline-block}<\/style>\t\t\t\t<p><!-- wp:paragraph --><\/p><p>La emigraci\u00f3n ha sido uno de los procesos de m\u00e1s honda significaci\u00f3n en la historia contempor\u00e1nea de Espa\u00f1a. Un proceso determinante de profunda incidencia y cuyos efectos a\u00fan son visibles, tanto en nuestro pa\u00eds como en los pa\u00edses de destino, en relaci\u00f3n con sus protagonistas, los emigrantes, y con su entorno m\u00e1s cercano, familiar y social.<\/p><p>La emigraci\u00f3n masiva se produce fundamentalmente entre el \u00faltimo tercio del siglo XIX y hasta finales de la d\u00e9cada de los a\u00f1os 20 del siglo XX, y el final de la Segunda Guerra Mundial, momento en el que se produce un repunte muy significativo, hacia lugares de larga tradici\u00f3n inmigratoria como Argentina y algunos destinos europeos que se extiende hasta mediada la d\u00e9cada de los 70. En los \u00faltimos a\u00f1os hemos asistido a un relanzamiento de la emigraci\u00f3n en nuestro pa\u00eds, motivado socioecon\u00f3micas derivadas de la crisis econ\u00f3mica mundial. Tras muchos a\u00f1os como pa\u00eds receptor de inmigrantes, Espa\u00f1a se ha vuelto a convertir en pa\u00eds emisor, en una nueva oleada migratoria que tiene como destino pa\u00edses europeos, especialmente Inglaterra y Alemania, pero tambi\u00e9n Am\u00e9rica (Estados Unidos, Brasil, Canad\u00e1), y otros destinos (Australia, China, etc).<\/p><p>La historia de la emigraci\u00f3n espa\u00f1ola en la \u00e9poca contempor\u00e1nea ha pasado de ser un tema secundario en nuestra historiograf\u00eda, a ocupar poco a poco un lugar destacado en el plano nacional e internacional. En muy pocos a\u00f1os se han multiplicado los estudios monogr\u00e1ficos sobre la materia al calor de ambiciosos proyectos de recopilaci\u00f3n documental del fen\u00f3meno migratorio.<\/p><p>Los primeros estudios sobre la materia trataron de establecer las causas que llevaron a un contingente elevado de poblaci\u00f3n a decidirse por una emigraci\u00f3n de larga distancia, discuti\u00e9ndose las ventajas e inconvenientes de \u00e9sta para el pa\u00eds, y marc\u00e1ndose las l\u00edneas de la pol\u00edtica inmigratoria. Pero ser\u00e1 la b\u00fasqueda de nuevas respuestas a las variables que determinan esta toma de decisi\u00f3n, lo que generar\u00e1 una apertura epistemol\u00f3gica durante los \u00faltimos a\u00f1os, intentando responder a preguntas novedosas a la vez que acuciantes. Las nuevas tem\u00e1ticas se centraron en explicar el proceso migratorio desde una perspectiva global y una metodolog\u00eda interdisciplinar.<\/p><p>Bajo estos preceptos, ver\u00e1n la luz en Espa\u00f1a importantes investigaciones que abrir\u00e1n una nueva etapa en la investigaci\u00f3n sobre la tem\u00e1tica migratoria, emergiendo estudios regionales imprescindibles para la comprensi\u00f3n del fen\u00f3meno migratorio dada la desigual incidencia que \u00e9ste tiene en las distintas \u00e1reas peninsulares. Fueron surgiendo congresos, seminarios y publicaciones centradas en el tema, con tintes m\u00e1s o menos regionales. Entre 1976 y 1988 tiene lugar la celebraci\u00f3n de ocho coloquios sobre la Historia Canario-Americana, en 1988 aparece en Asturias la obra\u00a0<em>Indianos<\/em>, mientras que en julio del mismo a\u00f1o la Universidad de Oviedo citaba a un simposio general sobre la emigraci\u00f3n a Am\u00e9rica entre los a\u00f1os 1880 y 1930. Al siguiente a\u00f1o se celebra en el mismo lugar un segundo encuentro que incidir\u00e1 en los efectos de la emigraci\u00f3n dentro de Espa\u00f1a. A estos, precursores de la discusi\u00f3n acad\u00e9mica sobre la tem\u00e1tica que tratamos, se les sumar\u00e1n reuniones como las llevadas a cabo en La Coru\u00f1a, bajo el auspicio de la Universidad Internacional Men\u00e9ndez Pelayo y el Instituto de Cooperaci\u00f3n Iberoamericano, o la Asociaci\u00f3n de Demograf\u00eda Hist\u00f3rica, que convocaba en Barcelona, en abril de 1987, un congreso en el que discutir las experiencias migratorias de italianos, espa\u00f1oles y portugueses.<\/p><p>A partir de la d\u00e9cada de los noventa comienzan a aparecer interesantes trabajos colectivos. Algunos de car\u00e1cter regional como\u00a0<em>Galicia y Am\u00e9rica: el papel de la emigraci\u00f3n<\/em>\u00a0(J. de Juana, 1990), o los monogr\u00e1ficos publicados por el Archivo de Indianos de Colombres, y otras de car\u00e1cter m\u00e1s global como\u00a0<em>La emigraci\u00f3n espa\u00f1ola a Ultramar<\/em>, 1492-1914 (Eiras, ed.: 1991), o la del CEDEAL:\u00a0<em>Historia General de la Emigraci\u00f3n Espa\u00f1ola a Iberoam\u00e9rica<\/em>\u00a0(Vives, 1992), u otras que aunque intentando incidir en la inmigraci\u00f3n como fen\u00f3meno amplio, dividen su tem\u00e1tica en aspectos regionales, como el proyecto editorial auspiciado por MAPFRE, en cuya colecci\u00f3n se editar\u00e1\u00a0<em>Las Espa\u00f1as y Am\u00e9rica<\/em>. Tambi\u00e9n el impulso editorial y de mecenazgo que significaron los proyectos relacionados con el V Centenario del Descubrimiento de Am\u00e9rica fue un avance tanto cuantitativo como cualitativo en los estudios centrados en la tem\u00e1tica de la emigraci\u00f3n. En suma, los avances cient\u00edficos en esta materia se han desarrollado principalmente en el \u00e1mbito regional \u2013con destacadas aportaciones nacionales, sin duda-, particularmente en lo que ata\u00f1e a los aspectos te\u00f3ricos y metodol\u00f3gicos, con la apertura de nuevos \u00e1mbitos y nuevas metodolog\u00edas de estudio. En cuanto al panorama internacional \u00e9ste se caracteriza por trabajos pioneros a principios del siglo XX s\u00f3lo retomados en \u00e9poca m\u00e1s reciente, muchas veces de la mano de investigadores espa\u00f1oles o descendientes de espa\u00f1oles.<\/p><p>Dentro del fen\u00f3meno migratorio un elemento que refleja de manera particular la incidencia de los contingentes migratorios en las sociedades de acogida y los lugares de salida son los procesos asociacionistas que tienen como protagonistas a los emigrantes. Este proceso, poli\u00e9drico y complejo, y sus productos, las asociaciones de emigrantes, constituyen la memoria institucional de la emigraci\u00f3n y uno de los elementos m\u00e1s relevantes de su actuaci\u00f3n colectiva. En ellas ha cristalizado una cierta memoria colectiva del proceso migratorio y dentro de las mismas se han evidenciado las tensiones identitarias y de desarraigo que atraviesan esta memoria. Una buena parte de la recuperaci\u00f3n de la visibilidad de estos emigrantes ha sido posible a partir de estas entidades asociativas.<\/p><p>Seg\u00fan el profesor N\u00fa\u00f1ez Seixas, a pesar de su profunda incidencia, el asociacionismo emigrante -entendido como un subg\u00e9nero de los estudios migratorios-, ha suscitado una atenci\u00f3n historiogr\u00e1fica tard\u00eda y desigual, primando durante tiempo, como ya hemos visto, el inter\u00e9s por las causas de las migraciones y sus dimensiones cuantitativas. Hasta mediados de los ochenta no abundaron los estudios sobre asociaciones en la emigraci\u00f3n espa\u00f1ola, y los que hab\u00eda, habr\u00edan sido abordados desde una perspectiva acr\u00edtica, centrados en una orientaci\u00f3n descriptivista y desde enfoques regionales. Desde los pa\u00edses de salida en ocasiones se ha entendido el asociacionismo como mera reproducci\u00f3n de los lazos comunitarios de origen, y desde los de llegada el inter\u00e9s se centraba en su funci\u00f3n dentro de las tensiones sociales tanto de las comunidades inmigrantes como del conjunto de la sociedad receptora.<\/p><p>El panorama cambia, de forma paralela al desarrollo de los estudios migratorios en general, a lo largo de los a\u00f1os 90 momento en el que los estudios sobre el asociacionismo emigrante comienzan a tomar carta de naturaleza. Sin embargo, para el profesor Seixas, los resultados de ese impulso investigador no fueron, en principio, lo positivos que se esperaba, pues segu\u00edan predominando estudios centrados en el asociacionismo regional o microterritorial, con menor atenci\u00f3n al global espa\u00f1ol.<\/p><p>En la actualidad comienza a analizarse el fen\u00f3meno, y sus efectos, desde perspectivas globales, centr\u00e1ndose los estudios en las asociaciones globalmente espa\u00f1olas y estableci\u00e9ndose estudios comparativos. Buena prueba de ello fue el congreso\u00a0<em>El asociacionismo en la emigraci\u00f3n espa\u00f1ola a Am\u00e9rica<\/em>, desarrollado en Zamora en el a\u00f1o 2012, donde se dieron cita los m\u00e1ximos especialistas que actualmente trabajan sobre este objeto de estudio.<\/p><p>La renovaci\u00f3n en el estudio del asociacionismo, entiende N\u00fa\u00f1ez Seixas, ha derivado del cambio de la escala y del foco de atenci\u00f3n del investigador, desde una perspectiva macro a una microhist\u00f3rica, desde una perspectiva estructural de las migraciones al an\u00e1lisis de las redes sociales y los actores, y del papel de las asociaciones como la parte m\u00e1s visible de las comunidades inmigrantes. Tambi\u00e9n se relaciona con el inter\u00e9s generado en los \u00faltimos a\u00f1os por los estudios sobre la movilizaci\u00f3n pol\u00edtica y la historia de la vida cotidiana. Ahora en enfoque se centra en la contribuci\u00f3n de las asociaciones en la integraci\u00f3n o asimilaci\u00f3n de los inmigrantes en las sociedades de acogida -y el papel que ten\u00edan en el mantenimiento de las identidades de origen-, pero tambi\u00e9n en su consideraci\u00f3n como espacios de poder y \u00e1mbitos de disputa y recreaci\u00f3n de identidades,\u00a0 en su incidencia en las estrategias y opciones de las \u00e9lites inmigrantes que las controlan, as\u00ed como en la articulaci\u00f3n de espacios transnacionales de relaci\u00f3n entre comunidades de all\u00e1 y de ac\u00e1 estrechamente vinculadas.<\/p><p><!-- \/wp:paragraph --><\/p>\t\t\t\t\t\t<\/div>\n\t\t\t\t<\/div>\n\t\t\t\t\t<\/div>\n\t\t<\/div>\n\t\t\t\t\t<\/div>\n\t\t<\/section>\n\t\t\t\t<\/div>\n\t\t","protected":false},"excerpt":{"rendered":"<p>Antecedentes y estado actual La emigraci\u00f3n ha sido uno de los procesos de m\u00e1s honda significaci\u00f3n en la historia contempor\u00e1nea de Espa\u00f1a. Un proceso determinante de profunda incidencia y cuyos efectos a\u00fan son visibles, tanto en nuestro pa\u00eds como en los pa\u00edses de destino, en relaci\u00f3n con sus protagonistas, los emigrantes, y con su entorno [&hellip;]<\/p>\n","protected":false},"author":4,"featured_media":0,"parent":0,"menu_order":0,"comment_status":"closed","ping_status":"closed","template":"","meta":{"footnotes":""},"_links":{"self":[{"href":"https:\/\/asociacionismodelaemigracionespanola.com\/index.php\/wp-json\/wp\/v2\/pages\/2401"}],"collection":[{"href":"https:\/\/asociacionismodelaemigracionespanola.com\/index.php\/wp-json\/wp\/v2\/pages"}],"about":[{"href":"https:\/\/asociacionismodelaemigracionespanola.com\/index.php\/wp-json\/wp\/v2\/types\/page"}],"author":[{"embeddable":true,"href":"https:\/\/asociacionismodelaemigracionespanola.com\/index.php\/wp-json\/wp\/v2\/users\/4"}],"replies":[{"embeddable":true,"href":"https:\/\/asociacionismodelaemigracionespanola.com\/index.php\/wp-json\/wp\/v2\/comments?post=2401"}],"version-history":[{"count":4,"href":"https:\/\/asociacionismodelaemigracionespanola.com\/index.php\/wp-json\/wp\/v2\/pages\/2401\/revisions"}],"predecessor-version":[{"id":2405,"href":"https:\/\/asociacionismodelaemigracionespanola.com\/index.php\/wp-json\/wp\/v2\/pages\/2401\/revisions\/2405"}],"wp:attachment":[{"href":"https:\/\/asociacionismodelaemigracionespanola.com\/index.php\/wp-json\/wp\/v2\/media?parent=2401"}],"curies":[{"name":"wp","href":"https:\/\/api.w.org\/{rel}","templated":true}]}}