{"id":2407,"date":"2023-11-06T19:18:00","date_gmt":"2023-11-06T19:18:00","guid":{"rendered":"https:\/\/asociacionismodelaemigracionespanola.com\/?page_id=2407"},"modified":"2023-11-06T19:19:04","modified_gmt":"2023-11-06T19:19:04","slug":"hipotesis-de-partida-y-objetivos-generales","status":"publish","type":"page","link":"https:\/\/asociacionismodelaemigracionespanola.com\/index.php\/hipotesis-de-partida-y-objetivos-generales\/","title":{"rendered":"Hip\u00f3tesis de partida y objetivos generales"},"content":{"rendered":"\t\t<div data-elementor-type=\"wp-page\" data-elementor-id=\"2407\" class=\"elementor elementor-2407\" data-elementor-post-type=\"page\">\n\t\t\t\t\t\t<section class=\"elementor-section elementor-top-section elementor-element elementor-element-cb8badb elementor-section-boxed elementor-section-height-default elementor-section-height-default\" data-id=\"cb8badb\" data-element_type=\"section\">\n\t\t\t\t\t\t<div class=\"elementor-container elementor-column-gap-default\">\n\t\t\t\t\t<div class=\"elementor-column elementor-col-100 elementor-top-column elementor-element elementor-element-d1c73dd\" data-id=\"d1c73dd\" data-element_type=\"column\">\n\t\t\t<div class=\"elementor-widget-wrap elementor-element-populated\">\n\t\t\t\t\t\t<div class=\"elementor-element elementor-element-aeb3564 elementor-widget elementor-widget-spacer\" data-id=\"aeb3564\" data-element_type=\"widget\" data-widget_type=\"spacer.default\">\n\t\t\t\t<div class=\"elementor-widget-container\">\n\t\t\t<style>\/*! elementor - v3.22.0 - 26-06-2024 *\/\n.elementor-column .elementor-spacer-inner{height:var(--spacer-size)}.e-con{--container-widget-width:100%}.e-con-inner>.elementor-widget-spacer,.e-con>.elementor-widget-spacer{width:var(--container-widget-width,var(--spacer-size));--align-self:var(--container-widget-align-self,initial);--flex-shrink:0}.e-con-inner>.elementor-widget-spacer>.elementor-widget-container,.e-con>.elementor-widget-spacer>.elementor-widget-container{height:100%;width:100%}.e-con-inner>.elementor-widget-spacer>.elementor-widget-container>.elementor-spacer,.e-con>.elementor-widget-spacer>.elementor-widget-container>.elementor-spacer{height:100%}.e-con-inner>.elementor-widget-spacer>.elementor-widget-container>.elementor-spacer>.elementor-spacer-inner,.e-con>.elementor-widget-spacer>.elementor-widget-container>.elementor-spacer>.elementor-spacer-inner{height:var(--container-widget-height,var(--spacer-size))}.e-con-inner>.elementor-widget-spacer.elementor-widget-empty,.e-con>.elementor-widget-spacer.elementor-widget-empty{position:relative;min-height:22px;min-width:22px}.e-con-inner>.elementor-widget-spacer.elementor-widget-empty .elementor-widget-empty-icon,.e-con>.elementor-widget-spacer.elementor-widget-empty .elementor-widget-empty-icon{position:absolute;top:0;bottom:0;left:0;right:0;margin:auto;padding:0;width:22px;height:22px}<\/style>\t\t<div class=\"elementor-spacer\">\n\t\t\t<div class=\"elementor-spacer-inner\"><\/div>\n\t\t<\/div>\n\t\t\t\t<\/div>\n\t\t\t\t<\/div>\n\t\t\t\t<div class=\"elementor-element elementor-element-d90b064 elementor-widget elementor-widget-heading\" data-id=\"d90b064\" data-element_type=\"widget\" data-widget_type=\"heading.default\">\n\t\t\t\t<div class=\"elementor-widget-container\">\n\t\t\t<style>\/*! elementor - v3.22.0 - 26-06-2024 *\/\n.elementor-heading-title{padding:0;margin:0;line-height:1}.elementor-widget-heading .elementor-heading-title[class*=elementor-size-]>a{color:inherit;font-size:inherit;line-height:inherit}.elementor-widget-heading .elementor-heading-title.elementor-size-small{font-size:15px}.elementor-widget-heading .elementor-heading-title.elementor-size-medium{font-size:19px}.elementor-widget-heading .elementor-heading-title.elementor-size-large{font-size:29px}.elementor-widget-heading .elementor-heading-title.elementor-size-xl{font-size:39px}.elementor-widget-heading .elementor-heading-title.elementor-size-xxl{font-size:59px}<\/style><h2 class=\"elementor-heading-title elementor-size-default\">Hip\u00f3tesis de partida y objetivos generales<\/h2>\t\t<\/div>\n\t\t\t\t<\/div>\n\t\t\t\t<div class=\"elementor-element elementor-element-8c27760 elementor-widget elementor-widget-text-editor\" data-id=\"8c27760\" data-element_type=\"widget\" data-widget_type=\"text-editor.default\">\n\t\t\t\t<div class=\"elementor-widget-container\">\n\t\t\t<style>\/*! elementor - v3.22.0 - 26-06-2024 *\/\n.elementor-widget-text-editor.elementor-drop-cap-view-stacked .elementor-drop-cap{background-color:#69727d;color:#fff}.elementor-widget-text-editor.elementor-drop-cap-view-framed .elementor-drop-cap{color:#69727d;border:3px solid;background-color:transparent}.elementor-widget-text-editor:not(.elementor-drop-cap-view-default) .elementor-drop-cap{margin-top:8px}.elementor-widget-text-editor:not(.elementor-drop-cap-view-default) .elementor-drop-cap-letter{width:1em;height:1em}.elementor-widget-text-editor .elementor-drop-cap{float:left;text-align:center;line-height:1;font-size:50px}.elementor-widget-text-editor .elementor-drop-cap-letter{display:inline-block}<\/style>\t\t\t\t<p><!-- wp:paragraph --><\/p><p style=\"text-align: justify; background: white; margin: 0cm 0cm 7.5pt 0cm;\"><span style=\"font-family: 'Arial',sans-serif;\">Las asociaciones de emigrantes han ido evolucionando a lo largo del tiempo, presentando un cambio significativo en la actualidad, que manifiesta, tal y como ha manifestado el profesor J. C. Moya (2014), algunas continuidades con lo anterior pero tambi\u00e9n muchas diferencias. El asociacionismo emigrante constituye un fen\u00f3meno ubicuo, una pr\u00e1ctica excepcional que se ampli\u00f3 en una determinada fase de la modernidad, la de la llamada \u00abemigraci\u00f3n en masa\u00bb, y que sin duda se ha modificado en la era de internet. El asociacionismo, como forma particular de sociabilidad basada en el agrupamiento voluntario, se vincula con la complejidad social. Se expande con el mayor desarrollo institucional de los estados y sociedades receptoras y est\u00e1 relacionado con la existencia y la expansi\u00f3n del estado del bienestar en Europa. Es indudable que la vitalidad institucional de los emigrantes del siglo XIX y los primeros tres cuartos del XX supera la de las nuevas oleadas posteriores, pero tambi\u00e9n hay que tener en cuenta que los contactos a trav\u00e9s de la red entre las poblaciones inmigrantes actuales han alcanzado un grado de intensidad que algunos estudiosos definen como una nueva modalidad de asociacionismo.<\/span><\/p><p style=\"text-align: justify; background: white; margin: 0cm 0cm 7.5pt 0cm;\"><span style=\"font-family: 'Arial',sans-serif;\">Por un lado las asociaciones de emigrantes se encuentran inmersas en un proceso de evoluci\u00f3n y modificaci\u00f3n de sus patrones de sociabilidad, en relaci\u00f3n con los cambios en los pa\u00edses en que se asientan, la progresiva desaparici\u00f3n de una masa significativa de emigrantes nacidos en Espa\u00f1a -y el envejecimiento de los que quedan-, la incidencia de las nuevas tecnolog\u00edas y la revitalizaci\u00f3n de muchas o la creaci\u00f3n de otras nuevas asociaciones en relaci\u00f3n con el proceso de modificaci\u00f3n de la organizaci\u00f3n territorial en Espa\u00f1a. Estos cambios provocan a su vez modificaciones en los procesos de nacionalizaci\u00f3n de los emigrantes que las conforman -aspecto que ha sido tratado de forma parcial en el congreso\u00a0<em>Factores de Nacionalizaci\u00f3n en la Sociedad Espa\u00f1ola Contempor\u00e1nea<\/em>, celebrado en Vitoria el pasado mes de junio.<\/span><\/p><p style=\"text-align: justify; background: white; margin: 0cm 0cm 7.5pt 0cm;\"><span style=\"font-family: 'Arial',sans-serif;\">Es conocido el cambio que implica en cuanto a la vinculaci\u00f3n y la identidad, la configuraci\u00f3n de las distintas generaciones vinculadas a la emigraci\u00f3n y las diferencias en la perspectiva de padres, frente a la de hijos y nietos (muchos de ellos nacionalizados espa\u00f1oles) en este aspecto. Los nietos de los emigrantes directos reflejan un inter\u00e9s, que responde a una motivaci\u00f3n compleja, no un\u00edvoca, en ese proceso de reajuste y de acomodaci\u00f3n identitaria.<\/span><\/p><p style=\"text-align: justify; background: white; margin: 0cm 0cm 7.5pt 0cm;\"><span style=\"font-family: 'Arial',sans-serif;\">Por otro lado las nuevas tecnolog\u00edas de la comunicaci\u00f3n y los procesos de transnacionalizaci\u00f3n que se desarrollan en el campo de los procesos migratorios, configuran nuevas formas y espacios de sociabilidad (a veces dentro de los antiguos), en muchas ocasiones condicionados a la evoluci\u00f3n constante de las mismas tecnolog\u00edas que le dan soporte, que se han demostrado tremendamente eficaces en el tejido de nuevas redes interpersonales y colectivas entre los nuevos emigrantes. Foros, grupos y comunidades en las diferentes redes sociales, blogs y bit\u00e1coras, que sustituyen o implementan a los antiguos espacios de sociabilidad formal. En este horizonte las terceras generaciones de emigrantes -fundamentalmente formada por nietos de emigrantes directos-, as\u00ed como los nuevos emigrantes, configuran novedosas formas de interacci\u00f3n con el medio, de relacionarse con el lugar de origen y con las sociedades de acogida.<\/span><\/p><p style=\"text-align: justify; background: white; margin: 0cm 0cm 7.5pt 0cm;\"><span style=\"font-family: 'Arial',sans-serif;\">En la presente investigaci\u00f3n el objetivo principal estriba en profundizar en algunos aspectos concretos de la sociabilidad emigrante, en relaci\u00f3n con los procesos de vinculaci\u00f3n e identidad con las sociedades de acogida y los lugares de salida, que creemos que no se le ha prestado toda la atenci\u00f3n que requiere.<\/span><\/p><p style=\"text-align: justify; background: white; margin: 0cm 0cm 7.5pt 0cm;\"><span style=\"font-family: 'Arial',sans-serif;\">Ser\u00eda complejo plantear un an\u00e1lisis global de este proceso emigratorio espa\u00f1ol y del fen\u00f3meno asociacionista vinculado al mismo, por lo que para analizar algunos aspectos significativos del proceso la presente investigaci\u00f3n se centrar\u00e1 en cuatro \u00e1mbitos emblem\u00e1ticos, presentados como estudios de caso: Cuba y Argentina, como destinos hist\u00f3ricos m\u00e1s emblem\u00e1ticos, y Alemania e Inglaterra como destinos m\u00e1s significativos de recepci\u00f3n tras la Segunda Guerra Mundial y en las nuevas oleadas migratorias actuales.<\/span><\/p><p style=\"text-align: justify; background: white; margin: 0cm 0cm 7.5pt 0cm;\"><span style=\"font-family: 'Arial',sans-serif;\">Argentina, habiendo recibido la mayor parte de esa emigraci\u00f3n, ser\u00e1 el pa\u00eds que refleje un nivel de asociacionismo m\u00e1s extenso y variado, revistiendo as\u00ed una notable complejidad, aunque predomina, por encima del resto, el asociacionismo de car\u00e1cter mutual, al que debemos sumar el cultural, recreativo etc. El argentino es el campo m\u00e1s adecuado para analizar esos aspectos de vinculaci\u00f3n y revitalizaci\u00f3n del asociacionismo en la actualidad protagonizados por las nuevas generaciones etc.<\/span><\/p><p style=\"text-align: justify; background: white; margin: 0cm 0cm 7.5pt 0cm;\"><span style=\"font-family: 'Arial',sans-serif;\">En el caso cubano, tiene algunas caracter\u00edsticas especiales, no solo por ser el m\u00e1s temprano, y porque durante mucho tiempo se desarrolla en el contexto de la vinculaci\u00f3n de la colonia a la corona espa\u00f1ola, sino porque en la isla los procesos asociativos derivados de la emigraci\u00f3n \u2013que se cortan en los a\u00f1os 30-, tiene un fuerte contenido de identidad regional (no contradictoria con la identidad global espa\u00f1ola, y van a mantener una importante vitalidad hasta la revoluci\u00f3n de 1959.<\/span><\/p><p style=\"text-align: justify; background: white; margin: 0cm 0cm 7.5pt 0cm;\"><span style=\"font-family: 'Arial',sans-serif;\">Este cambio pol\u00edtico supone as\u00ed mismo un cambio en las asociaciones nominalmente espa\u00f1olas, que por otro lado son las fundamentales en la Isla, con una oferta asistencia, sanitaria, y cultural fundamental hasta el 59. Las circunstancias pol\u00edticas del pa\u00eds han proporcionado una impronta especial a esa emigraci\u00f3n y a ese asociacionismo que ha constituido un elemento fundamental de pervivencia de Espa\u00f1a en Cuba y que juega un papel fundamental en este momento en la rehabilitaci\u00f3n de esa vinculaci\u00f3n.<\/span><\/p><p style=\"text-align: justify; background: white; margin: 0cm 0cm 7.5pt 0cm;\"><span style=\"font-family: 'Arial',sans-serif;\">La huella de asociaciones con decenas de miles de asociados (los centros Gallego, Asturiano, Castellano, de Dependientes de Comercio, Hijas de Galicia etc.), es muy profunda, y tiene a\u00fan una significativa presencia con caracter\u00edsticas muy concretas en la actualidad. No se puede entender la presencia de Espa\u00f1a en Cuba sin tener en cuenta el m\u00e1s del mill\u00f3n de emigrantes y las notables asociaciones espa\u00f1oles, algunas vigentes desde la d\u00e9cada de los 40.<\/span><\/p><p style=\"text-align: justify; background: white; margin: 0cm 0cm 7.5pt 0cm;\"><span style=\"font-family: 'Arial',sans-serif;\">Tanto en el caso argentino como el cubano, hay un tipo de asociacionismo que pr\u00e1cticamente solo se da en estos pa\u00edses, la muestra m\u00e1s acabada entre los lugares de salida y llegada, entre sus emigrantes y sus proyectos centrados en mantener esa vinculaci\u00f3n y sus posibilidades de retorno: son las llamadas sociedades microterritoriales de las que un buen n\u00famero siguen existiendo con una notable n\u00f3mina de socios. Para el estudio de estas asociaciones hay un campo pr\u00e1cticamente inexplorado, el an\u00e1lisis en profundidad de los testimonios de los propios emigrantes y la prensa vinculada a ese tejido asociativo.<\/span><\/p><p style=\"text-align: justify; background: white; margin: 0cm 0cm 7.5pt 0cm;\"><span style=\"font-family: 'Arial',sans-serif;\">Tras la Segunda Guerra Mundial el relevo de Am\u00e9rica lo toma Europa, siendo Francia, Suiza, Holanda, Alemania e Inglaterra los pa\u00edses que reciben un mayor contingente de emigrantes. Inglaterra ocupa un papel menor, en esos momentos, pero lo jugar\u00e1 m\u00e1s adelante. El tejido asociativo, ya sea el liderado por sindicatos, la iglesia o las asociaciones de padres, ser\u00e1 ahora globalmente espa\u00f1ol (y va a predominar sobre sociabilidades de corte regional, en la que predominan andaluces y catalanes).<\/span><\/p><p style=\"text-align: justify; background: white; margin: 0cm 0cm 7.5pt 0cm;\"><span style=\"font-family: 'Arial',sans-serif;\">El estudio de emigraci\u00f3n, en la que la vinculaci\u00f3n es m\u00e1s c\u00f3moda (las distancias con los lugares de origen son m\u00e1s cortas, y las comunicaciones son m\u00e1s accesibles), pero en la que se produce un proceso de asentamiento de emigrantes y descendientes, en interesante en t\u00e9rminos comparativos. Tambi\u00e9n prestaremos atenci\u00f3n a la relaci\u00f3n, las conexiones y los puentes entre este asociacionismo y los nuevos emigrantes que est\u00e1n llegando a estos pa\u00edses.<\/span><\/p><p style=\"text-align: justify; background: white; margin: 0cm 0cm 7.5pt 0cm;\"><span style=\"font-family: 'Arial',sans-serif;\">En el an\u00e1lisis de esta nueva emigraci\u00f3n es especialmente significativo el caso de Inglaterra, donde no se desarroll\u00f3 un movimiento asociativo especialmente fuerte (pues su incidencia migratoria tras la guerra fue algo menor) y por tanto no existe ese enganche hist\u00f3rico, pero que hoy constituye uno los pa\u00edses m\u00e1s receptores y donde m\u00e1s casos de nuevas formas de sociabilidad estamos detectando. A su vez Inglaterra se adelant\u00f3 como destino de emigraci\u00f3n al comienzo de la crisis, debido a la su gran demanda de personal sanitario desde mediados de los a\u00f1os 90.<\/span><\/p><p style=\"text-align: justify; background: white; margin: 0cm 0cm 7.5pt 0cm;\"><span style=\"font-family: 'Arial',sans-serif;\">En definitiva pretendemos ofrecer un modelo de an\u00e1lisis de los \u00e1mbitos de sociabilidad migrante desde el presente, sin olvidar el pasado reciente del fen\u00f3meno y el impacto de las nuevas tecnolog\u00edas en este proceso.<\/span><\/p><p><!-- \/wp:paragraph --><\/p>\t\t\t\t\t\t<\/div>\n\t\t\t\t<\/div>\n\t\t\t\t\t<\/div>\n\t\t<\/div>\n\t\t\t\t\t<\/div>\n\t\t<\/section>\n\t\t\t\t<section class=\"elementor-section elementor-top-section elementor-element elementor-element-f190cdd elementor-section-boxed elementor-section-height-default elementor-section-height-default\" data-id=\"f190cdd\" data-element_type=\"section\">\n\t\t\t\t\t\t<div class=\"elementor-container elementor-column-gap-default\">\n\t\t\t\t\t<div class=\"elementor-column elementor-col-100 elementor-top-column elementor-element elementor-element-0f514ae\" data-id=\"0f514ae\" data-element_type=\"column\">\n\t\t\t<div class=\"elementor-widget-wrap\">\n\t\t\t\t\t\t\t<\/div>\n\t\t<\/div>\n\t\t\t\t\t<\/div>\n\t\t<\/section>\n\t\t\t\t<\/div>\n\t\t","protected":false},"excerpt":{"rendered":"<p>Hip\u00f3tesis de partida y objetivos generales Las asociaciones de emigrantes han ido evolucionando a lo largo del tiempo, presentando un cambio significativo en la actualidad, que manifiesta, tal y como ha manifestado el profesor J. C. Moya (2014), algunas continuidades con lo anterior pero tambi\u00e9n muchas diferencias. El asociacionismo emigrante constituye un fen\u00f3meno ubicuo, una [&hellip;]<\/p>\n","protected":false},"author":4,"featured_media":0,"parent":0,"menu_order":0,"comment_status":"closed","ping_status":"closed","template":"","meta":{"footnotes":""},"_links":{"self":[{"href":"https:\/\/asociacionismodelaemigracionespanola.com\/index.php\/wp-json\/wp\/v2\/pages\/2407"}],"collection":[{"href":"https:\/\/asociacionismodelaemigracionespanola.com\/index.php\/wp-json\/wp\/v2\/pages"}],"about":[{"href":"https:\/\/asociacionismodelaemigracionespanola.com\/index.php\/wp-json\/wp\/v2\/types\/page"}],"author":[{"embeddable":true,"href":"https:\/\/asociacionismodelaemigracionespanola.com\/index.php\/wp-json\/wp\/v2\/users\/4"}],"replies":[{"embeddable":true,"href":"https:\/\/asociacionismodelaemigracionespanola.com\/index.php\/wp-json\/wp\/v2\/comments?post=2407"}],"version-history":[{"count":4,"href":"https:\/\/asociacionismodelaemigracionespanola.com\/index.php\/wp-json\/wp\/v2\/pages\/2407\/revisions"}],"predecessor-version":[{"id":2411,"href":"https:\/\/asociacionismodelaemigracionespanola.com\/index.php\/wp-json\/wp\/v2\/pages\/2407\/revisions\/2411"}],"wp:attachment":[{"href":"https:\/\/asociacionismodelaemigracionespanola.com\/index.php\/wp-json\/wp\/v2\/media?parent=2407"}],"curies":[{"name":"wp","href":"https:\/\/api.w.org\/{rel}","templated":true}]}}