{"id":2453,"date":"2023-11-06T19:33:07","date_gmt":"2023-11-06T19:33:07","guid":{"rendered":"https:\/\/asociacionismodelaemigracionespanola.com\/?page_id=2453"},"modified":"2026-04-07T11:07:28","modified_gmt":"2026-04-07T11:07:28","slug":"difusion-y-transferencia","status":"publish","type":"page","link":"https:\/\/asociacionismodelaemigracionespanola.com\/index.php\/difusion-y-transferencia\/","title":{"rendered":"Difusi\u00f3n y transferencia"},"content":{"rendered":"\t\t<div data-elementor-type=\"wp-page\" data-elementor-id=\"2453\" class=\"elementor elementor-2453\" data-elementor-post-type=\"page\">\n\t\t\t\t\t\t<section class=\"elementor-section elementor-top-section elementor-element elementor-element-3e2c5bf elementor-section-boxed elementor-section-height-default elementor-section-height-default\" data-id=\"3e2c5bf\" data-element_type=\"section\">\n\t\t\t\t\t\t<div class=\"elementor-container elementor-column-gap-default\">\n\t\t\t\t\t<div class=\"elementor-column elementor-col-100 elementor-top-column elementor-element elementor-element-95fc827\" data-id=\"95fc827\" data-element_type=\"column\">\n\t\t\t<div class=\"elementor-widget-wrap elementor-element-populated\">\n\t\t\t\t\t\t<div class=\"elementor-element elementor-element-f8502d4 elementor-widget elementor-widget-spacer\" data-id=\"f8502d4\" data-element_type=\"widget\" data-widget_type=\"spacer.default\">\n\t\t\t\t<div class=\"elementor-widget-container\">\n\t\t\t<style>\/*! elementor - v3.22.0 - 26-06-2024 *\/\n.elementor-column .elementor-spacer-inner{height:var(--spacer-size)}.e-con{--container-widget-width:100%}.e-con-inner>.elementor-widget-spacer,.e-con>.elementor-widget-spacer{width:var(--container-widget-width,var(--spacer-size));--align-self:var(--container-widget-align-self,initial);--flex-shrink:0}.e-con-inner>.elementor-widget-spacer>.elementor-widget-container,.e-con>.elementor-widget-spacer>.elementor-widget-container{height:100%;width:100%}.e-con-inner>.elementor-widget-spacer>.elementor-widget-container>.elementor-spacer,.e-con>.elementor-widget-spacer>.elementor-widget-container>.elementor-spacer{height:100%}.e-con-inner>.elementor-widget-spacer>.elementor-widget-container>.elementor-spacer>.elementor-spacer-inner,.e-con>.elementor-widget-spacer>.elementor-widget-container>.elementor-spacer>.elementor-spacer-inner{height:var(--container-widget-height,var(--spacer-size))}.e-con-inner>.elementor-widget-spacer.elementor-widget-empty,.e-con>.elementor-widget-spacer.elementor-widget-empty{position:relative;min-height:22px;min-width:22px}.e-con-inner>.elementor-widget-spacer.elementor-widget-empty .elementor-widget-empty-icon,.e-con>.elementor-widget-spacer.elementor-widget-empty .elementor-widget-empty-icon{position:absolute;top:0;bottom:0;left:0;right:0;margin:auto;padding:0;width:22px;height:22px}<\/style>\t\t<div class=\"elementor-spacer\">\n\t\t\t<div class=\"elementor-spacer-inner\"><\/div>\n\t\t<\/div>\n\t\t\t\t<\/div>\n\t\t\t\t<\/div>\n\t\t\t\t\t<\/div>\n\t\t<\/div>\n\t\t\t\t\t<\/div>\n\t\t<\/section>\n\t\t\t\t<section class=\"elementor-section elementor-top-section elementor-element elementor-element-43d136e elementor-section-boxed elementor-section-height-default elementor-section-height-default\" data-id=\"43d136e\" data-element_type=\"section\">\n\t\t\t\t\t\t<div class=\"elementor-container elementor-column-gap-default\">\n\t\t\t\t\t<div class=\"elementor-column elementor-col-100 elementor-top-column elementor-element elementor-element-4df27de\" data-id=\"4df27de\" data-element_type=\"column\">\n\t\t\t<div class=\"elementor-widget-wrap elementor-element-populated\">\n\t\t\t\t\t\t<div class=\"elementor-element elementor-element-31c143f elementor-widget elementor-widget-heading\" data-id=\"31c143f\" data-element_type=\"widget\" data-widget_type=\"heading.default\">\n\t\t\t\t<div class=\"elementor-widget-container\">\n\t\t\t<style>\/*! elementor - v3.22.0 - 26-06-2024 *\/\n.elementor-heading-title{padding:0;margin:0;line-height:1}.elementor-widget-heading .elementor-heading-title[class*=elementor-size-]>a{color:inherit;font-size:inherit;line-height:inherit}.elementor-widget-heading .elementor-heading-title.elementor-size-small{font-size:15px}.elementor-widget-heading .elementor-heading-title.elementor-size-medium{font-size:19px}.elementor-widget-heading .elementor-heading-title.elementor-size-large{font-size:29px}.elementor-widget-heading .elementor-heading-title.elementor-size-xl{font-size:39px}.elementor-widget-heading .elementor-heading-title.elementor-size-xxl{font-size:59px}<\/style><h2 class=\"elementor-heading-title elementor-size-default\">Difusi\u00f3n y transferencia<\/h2>\t\t<\/div>\n\t\t\t\t<\/div>\n\t\t\t\t\t<\/div>\n\t\t<\/div>\n\t\t\t\t\t<\/div>\n\t\t<\/section>\n\t\t\t\t<section class=\"elementor-section elementor-top-section elementor-element elementor-element-f1a8ca8 elementor-section-boxed elementor-section-height-default elementor-section-height-default\" data-id=\"f1a8ca8\" data-element_type=\"section\">\n\t\t\t\t\t\t<div class=\"elementor-container elementor-column-gap-default\">\n\t\t\t\t\t<div class=\"elementor-column elementor-col-100 elementor-top-column elementor-element elementor-element-7cc0e57\" data-id=\"7cc0e57\" data-element_type=\"column\">\n\t\t\t<div class=\"elementor-widget-wrap elementor-element-populated\">\n\t\t\t\t\t\t<div class=\"elementor-element elementor-element-3607f25 elementor-widget elementor-widget-text-editor\" data-id=\"3607f25\" data-element_type=\"widget\" data-widget_type=\"text-editor.default\">\n\t\t\t\t<div class=\"elementor-widget-container\">\n\t\t\t<style>\/*! elementor - v3.22.0 - 26-06-2024 *\/\n.elementor-widget-text-editor.elementor-drop-cap-view-stacked .elementor-drop-cap{background-color:#69727d;color:#fff}.elementor-widget-text-editor.elementor-drop-cap-view-framed .elementor-drop-cap{color:#69727d;border:3px solid;background-color:transparent}.elementor-widget-text-editor:not(.elementor-drop-cap-view-default) .elementor-drop-cap{margin-top:8px}.elementor-widget-text-editor:not(.elementor-drop-cap-view-default) .elementor-drop-cap-letter{width:1em;height:1em}.elementor-widget-text-editor .elementor-drop-cap{float:left;text-align:center;line-height:1;font-size:50px}.elementor-widget-text-editor .elementor-drop-cap-letter{display:inline-block}<\/style>\t\t\t\t<p><!-- wp:table --><\/p>\n<figure>\n<table>\n<tbody>\n<tr>\n<td>\u00a0<\/td>\n<td>\n<p><strong>Merino, Asunci\u00f3n y Espinoza, Carolina. \u00abEmigrantes espa\u00f1olas en defensa de sus derechos\u00bb, en Universo UNED, programa emitido en La 2 de Televisi\u00f3n Espa\u00f1ola el 21\/11\/2025. Minutos: 00:00:34-00:14:31<br \/><a href=\"https:\/\/canal.uned.es\/video\/691501d323d45b61a80b9c40\">Enlace a el video<\/a><\/strong><\/p>\n<\/td>\n<\/tr>\n<tr>\n<td>\u00a0<\/td>\n<td>\n<p><strong>Juan Andr\u00e9s Blanco Rodr\u00edguez, director de la C\u00e1tedra de Poblaci\u00f3n, Vinculaci\u00f3n y Desarrollo, recibe el Premio \u00abCastilla y Le\u00f3n en el Exterior\u00bb, categor\u00eda \u00abPersona en Espa\u00f1a\u00bb.<\/strong>.<\/p>\n<p><a href=\"https:\/\/www.espanaexterior.com\/el-centro-burgales-de-buenos-aires-y-la-casa-de-soria-en-valencia-premio-castilla-y-leon-en-el-exterior-2025\/\"><strong>Enlace a la noticia<\/strong><\/a><\/p>\n<p><a href=\"https:\/\/www.cronicasdelaemigracion.com\/articulo\/castillaleon\/premios-castilla-leon-exterior-recaen-casa-soria-valencia-centro-burgales-buenos-aires-juan-andres-blanco-pedro-jose-diez\/20251120144755128434.html\"><strong>Enlace a la noticia<\/strong><\/a> <br \/><a href=\"https:\/\/asociacionismodelaemigracionespanola.com\/wp-content\/uploads\/2025\/12\/BOCYL-D-20112025-20.pdf\"><strong>Enlace descarga<\/strong><\/a><\/p>\n<\/td>\n<\/tr>\n<tr>\n<td><img fetchpriority=\"high\" decoding=\"async\" src=\"https:\/\/asociacionismodelaemigracionespanola.com\/wp-content\/uploads\/2025\/12\/Programa-Feria-de-las-Regiones-2025-CAS-7-1-scaled.jpg\" alt=\"\" width=\"400\" height=\"394\" \/><\/td>\n<td>\n<p><strong>Conoce tus or\u00edgenes: memoria de la emigraci\u00f3n espa\u00f1ol, impartida por Arsenio Dacosta el 14 de noviembre de 2025 en el marco de la II Feria de las Regiones organizada por la Federaci\u00f3n de Casas Regionales de Espa\u00f1a en Valencia. <\/strong><\/p>\n<p><strong>\u00a0<\/strong><\/p>\n<p>\u00a0<\/p>\n<\/td>\n<\/tr>\n<tr>\n<td><img decoding=\"async\" src=\"https:\/\/asociacionismodelaemigracionespanola.com\/wp-content\/uploads\/2025\/06\/conferencia-migraciones.jpg\" alt=\"\" width=\"400\" height=\"394\" \/><\/td>\n<td>\n<p><strong>La emigraci\u00f3n espa\u00f1ola y zamorana a Am\u00e9rica en el siglo XX<\/strong>.<\/p>\n<p>Conferencia: La emigraci\u00f3n espa\u00f1ola y zamorana a Am\u00e9rica en el siglo XX, a cargo del Dr. D. Juan Miguel \u00c1lvarez Dom\u00ednguez. Colegio Medalla Milagrosa, Zamora, 30 de mayo de 2025.<\/p>\n<p><a href=\"https:\/\/youtu.be\/l3o29mteaSc?si=W4GdzLu17heVbMRa\"><strong>Enlace a la conferencia<\/strong><\/a><\/p>\n<\/td>\n<\/tr>\n<tr>\n<td><img decoding=\"async\" src=\"https:\/\/asociacionismodelaemigracionespanola.com\/wp-content\/uploads\/2025\/06\/cartografia-migrante.png\" alt=\"\" width=\"400\" height=\"394\" \/><\/td>\n<td>\n<p><strong>Delgado, Jos\u00e9; Dacosta, Arsenio (coords.). Mapa del asociacionismo emigrante espa\u00f1ol en el exterior: Cuba, Venezuela y Argentina. 2025. <\/strong><\/p>\n<p><strong>\u00a0<\/strong><\/p>\n<p><strong><strong>+ info: <a href=\"https:\/\/cartografiamigrante.es\/\">https:\/\/cartografiamigrante.es\/<\/a><\/strong><\/strong><\/p>\n<\/td>\n<\/tr>\n<tr>\n<td><img loading=\"lazy\" decoding=\"async\" src=\"https:\/\/asociacionismodelaemigracionespanola.com\/wp-content\/uploads\/2025\/04\/Captura.jpg\" alt=\"\" width=\"400\" height=\"394\" \/><\/td>\n<td>\n<p><strong>eMigra se integra en Humanidades en Com\u00fan<\/strong>.<\/p>\n<p>Una de las aplicaciones asociadas a nuestro proyecto, el Centro de las Migraciones de Castilla y Le\u00f3n, que opera bajo la marca \u201ceMigra\u201d, ha sido incluido en Humanidades en Com\u00fan (HeC). HeC es un concentrador de proyectos de investigaci\u00f3n en Humanidades Digitales en el que participan distintos grupos del CSIC y las universidades del Pa\u00eds Vasco, La Laguna, Complutense y, ahora tambi\u00e9n, Salamanca y UNED. HeC busca la convergencia entre personas y grupos que buscan hacer interoperables las bases de datos relacionales de sus proyectos de investigaci\u00f3n y suman recursos humanos y t\u00e9cnicos para amplificar la comunicaci\u00f3n de sus actividades acad\u00e9micas, la divulgaci\u00f3n cient\u00edfica y la transferencia de conocimiento.<\/p>\n<p><strong>+ info: <a href=\"https:\/\/humanidadesencomun.eu\/\">https:\/\/humanidadesencomun.eu\/<\/a><\/strong><\/p>\n<\/td>\n<\/tr>\n<tr>\n<td><img loading=\"lazy\" decoding=\"async\" src=\"https:\/\/asociacionismodelaemigracionespanola.com\/wp-content\/uploads\/2025\/01\/Captura.jpg\" alt=\"\" width=\"400\" height=\"394\" \/><\/td>\n<td>\n<p>Entrevista a Arsenio Dacosta en el podcast Desarraigos. Migraciones y Universidad. Episodio 2X03. Las asociaciones de la emigraci\u00f3n castellano y leonesa. 20 de diciembre de 2024. Dirigido por Alicia Gil L\u00e1zaro (Universidad de Sevilla).<\/p>\n<p><a href=\"https:\/\/radio.us.es\/episodio\/desarraigos-episodio-2x03-las-asociaciones-de-la-emigracion-castellano-y-leonesa\/\"><strong>ENLACE<\/strong><\/a><\/p>\n<\/td>\n<\/tr>\n<tr>\n<td><img loading=\"lazy\" decoding=\"async\" src=\"https:\/\/asociacionismodelaemigracionespanola.com\/wp-content\/uploads\/2024\/08\/programa_origenes-scaled.jpg\" alt=\"\" width=\"400\" height=\"394\" \/><\/td>\n<td>\n<p>Seminarios de formaci\u00f3n en el marco del l I Programa \u201cOr\u00edgenes\u201d para directivos de entidades en el exterior. 11 y 13 de julio de 2024. Zamora. Colaboraci\u00f3n con la Junta de Castilla y Le\u00f3n.<\/p>\n<\/td>\n<\/tr>\n<tr>\n<td><img loading=\"lazy\" decoding=\"async\" src=\"https:\/\/asociacionismodelaemigracionespanola.com\/wp-content\/uploads\/2024\/08\/presentacion_revista_cyl.png\" alt=\"\" width=\"400\" height=\"394\" \/><\/td>\n<td>\n<p>Encuentro virtual Federaci\u00f3n Sociedades Castellanas y Leonesas en Argentina. 17\/02\/2024.<\/p>\n<\/td>\n<\/tr>\n<tr>\n<td><img loading=\"lazy\" decoding=\"async\" src=\"https:\/\/asociacionismodelaemigracionespanola.com\/wp-content\/uploads\/2024\/08\/seminario-asociacionismo.jpg\" alt=\"\" width=\"400\" height=\"394\" \/><\/td>\n<td>\n<p>Seminario \u00abEl asociacionismo en la emigraci\u00f3n espa\u00f1ola en Am\u00e9rica (1960-2000): estado de la cuesti\u00f3n y nuevas perspectivas\u00bb. 09\/02\/2024. UNED Zamora.<\/p>\n<p><a href=\"https:\/\/extension.uned.es\/actividad\/idactividad\/35573\"><strong>ENLACE<\/strong><\/a><\/p>\n<\/td>\n<\/tr>\n<tr>\n<td><img loading=\"lazy\" decoding=\"async\" src=\"https:\/\/asociacionismodelaemigracionespanola.com\/wp-content\/uploads\/2024\/07\/Captura.png\" alt=\"\" width=\"400\" height=\"394\" \/><\/td>\n<td>\n<p>Seminario de investigaci\u00f3n colaborativo con la Colonia Zamorana de Cuba. 18\/06\/2024. Facultad de Ciencias Sociales. Universidad de Salamanca.<\/p>\n<p><a href=\"https:\/\/youtu.be\/xMzWca7yIqs?si=-oxlEl5wDUKi0AtTf\"><strong>ENLACE<\/strong><\/a><\/p>\n<\/td>\n<\/tr>\n<tr>\n<td><img loading=\"lazy\" decoding=\"async\" src=\"https:\/\/asociacionismodelaemigracionespanola.com\/wp-content\/uploads\/2023\/11\/Congreso-Casas-Exterior-300x295.png\" alt=\"\" width=\"400\" height=\"394\" \/><\/td>\n<td>\n<p>Presentaci\u00f3n del museo virtual \u201cCentro de las migraciones de Castilla y Le\u00f3n\u201d. Juan Andr\u00e9s Blanco Rodr\u00edguez y Arsenio Dacosta.<\/p>\n<p><a href=\"https:\/\/asociacionismodelaemigracionespanola.com\/wp-content\/uploads\/2023\/11\/2023-II-Encuentro-Internacional-.pdf\"><strong>DESCARGA<\/strong><\/a><\/p>\n<\/td>\n<\/tr>\n<tr>\n<td><img loading=\"lazy\" decoding=\"async\" src=\"https:\/\/asociacionismodelaemigracionespanola.com\/wp-content\/uploads\/2023\/12\/Universidad-pais-vasco.png\" alt=\"\" width=\"400\" height=\"394\" \/><\/td>\n<td>\n<p>Universidad del Pa\u00eds Vasco: Posgrado propio de Especialista \/ Experto\/a en Di\u00e1spora Vasca. Director: \u00d3scar \u00c1lvarez Gila.<\/p>\n<p><a href=\"https:\/\/www.uik.eus\/es\/curso\/ehuprest-posgrado-propio-especialista-expertoa-diaspora-vasca\">ENLACE<\/a><\/p>\n<\/td>\n<\/tr>\n<tr>\n<td><img loading=\"lazy\" decoding=\"async\" src=\"https:\/\/asociacionismodelaemigracionespanola.com\/wp-content\/uploads\/2023\/11\/eskola-300x212.png\" alt=\"\" width=\"300\" height=\"212\" \/><\/td>\n<td>\n<p>XVI Congreso Internacional de Antropolox\u00eda AGANTRO-ASAEE. 06\/09\/2023. Comunicaci\u00f3n: Procesos de identificaci\u00f3n y resiliencia en el seno de las \u201ccomunidades castellanas y leonesas en el exterior\u201d: el caso del asociacionismo migrante en Am\u00e9rica. Panelistas: Arsenio Dacosta (Universidad de Salamanca), Rub\u00e9n S\u00e1nchez y Jos\u00e9 Delgado \u00c1lvarez (UNED Zamora).<\/p>\n<p><a href=\"https:\/\/www.ehu.eus\/es\/-\/seminario-escuela-inmigracion-y-pluriling%C3%BCismo\"><strong>DESCARGA<\/strong><\/a><\/p>\n<\/td>\n<\/tr>\n<tr>\n<td><img loading=\"lazy\" decoding=\"async\" src=\"https:\/\/asociacionismodelaemigracionespanola.com\/wp-content\/uploads\/2023\/11\/Master-Dacosta.png\" alt=\"\" width=\"300\" height=\"282\" \/><\/td>\n<td>\n<p>Asignatura: Comunidades migrantes, diasporidad y transnacionalismo. Curso 2023-2024. M\u00e1ster en Antropolog\u00eda Aplicada. Universidad de Salamanca. Docente: Arsenio Dacosta.<\/p>\n<p>\u00a0<\/p>\n<\/td>\n<\/tr>\n<tr>\n<td><img loading=\"lazy\" decoding=\"async\" src=\"https:\/\/asociacionismodelaemigracionespanola.com\/wp-content\/uploads\/2023\/11\/UNED-Benmergui-300x203.png\" alt=\"\" width=\"300\" height=\"203\" \/><\/td>\n<td>\n<p>Curso UNED: Sefarad: historia, cultura y arte del mundo jud\u00edo en la pen\u00ednsula ib\u00e9rica. Conferencia 13\/10\/2022: \u201cMemorias de Sefarad: negociaciones de la condici\u00f3n jud\u00eda entre los exiliados de T\u00e1nger y La Habana\u201d. Ponente: Jaime del \u00c1lamo Benmergui.<\/p>\n<p>ENLACE<\/p>\n<\/td>\n<\/tr>\n<tr>\n<td><img loading=\"lazy\" decoding=\"async\" src=\"https:\/\/asociacionismodelaemigracionespanola.com\/wp-content\/uploads\/2023\/11\/el-plato-de-sopa-miniatura-300x262.png\" alt=\"\" width=\"300\" height=\"262\" \/><\/td>\n<td>\n<p>Dacosta, Arsenio. \u201cEl plato de sopa\u201d, ARIES. Anuario de Antropolog\u00eda Iberoamericana. ISSN 2530-7843, 28\/04\/2022.<\/p>\n<p><a href=\"https:\/\/asociacionismodelaemigracionespanola.com\/wp-content\/uploads\/2023\/11\/El-plato-de-Sopa-Arsenio-Dacosta.pdf\"><strong>DESCARGA<\/strong><\/a><\/p>\n<\/td>\n<\/tr>\n<\/tbody>\n<\/table>\n<\/figure>\n<ul>\n<li style=\"list-style-type: none;\">\u00a0<\/li>\n<\/ul>\n<p><!-- \/wp:list-item --><\/p>\n<p><!-- \/wp:list --><\/p>\t\t\t\t\t\t<\/div>\n\t\t\t\t<\/div>\n\t\t\t\t\t<\/div>\n\t\t<\/div>\n\t\t\t\t\t<\/div>\n\t\t<\/section>\n\t\t\t\t<section class=\"elementor-section elementor-top-section elementor-element elementor-element-ffbc8ec elementor-section-boxed elementor-section-height-default elementor-section-height-default\" data-id=\"ffbc8ec\" data-element_type=\"section\">\n\t\t\t\t\t\t<div class=\"elementor-container elementor-column-gap-default\">\n\t\t\t\t\t<div class=\"elementor-column elementor-col-100 elementor-top-column elementor-element elementor-element-bb236f6\" data-id=\"bb236f6\" data-element_type=\"column\">\n\t\t\t<div class=\"elementor-widget-wrap elementor-element-populated\">\n\t\t\t\t\t\t<div class=\"elementor-element elementor-element-9dacbf0 elementor-widget elementor-widget-image\" data-id=\"9dacbf0\" data-element_type=\"widget\" data-widget_type=\"image.default\">\n\t\t\t\t<div class=\"elementor-widget-container\">\n\t\t\t<style>\/*! elementor - v3.22.0 - 26-06-2024 *\/\n.elementor-widget-image{text-align:center}.elementor-widget-image a{display:inline-block}.elementor-widget-image a img[src$=\".svg\"]{width:48px}.elementor-widget-image img{vertical-align:middle;display:inline-block}<\/style>\t\t\t\t\t\t\t\t\t\t<img loading=\"lazy\" decoding=\"async\" width=\"300\" height=\"47\" src=\"https:\/\/asociacionismodelaemigracionespanola.com\/wp-content\/uploads\/2023\/11\/emigra-300x47.jpg\" class=\"attachment-medium size-medium wp-image-2657\" alt=\"\" srcset=\"https:\/\/asociacionismodelaemigracionespanola.com\/wp-content\/uploads\/2023\/11\/emigra-300x47.jpg 300w, https:\/\/asociacionismodelaemigracionespanola.com\/wp-content\/uploads\/2023\/11\/emigra-1024x160.jpg 1024w, https:\/\/asociacionismodelaemigracionespanola.com\/wp-content\/uploads\/2023\/11\/emigra-768x120.jpg 768w, https:\/\/asociacionismodelaemigracionespanola.com\/wp-content\/uploads\/2023\/11\/emigra-1536x240.jpg 1536w, https:\/\/asociacionismodelaemigracionespanola.com\/wp-content\/uploads\/2023\/11\/emigra-2048x320.jpg 2048w\" sizes=\"(max-width: 300px) 100vw, 300px\" \/>\t\t\t\t\t\t\t\t\t\t\t\t\t<\/div>\n\t\t\t\t<\/div>\n\t\t\t\t\t<\/div>\n\t\t<\/div>\n\t\t\t\t\t<\/div>\n\t\t<\/section>\n\t\t\t\t<section class=\"elementor-section elementor-top-section elementor-element elementor-element-c147c7f elementor-section-boxed elementor-section-height-default elementor-section-height-default\" data-id=\"c147c7f\" data-element_type=\"section\">\n\t\t\t\t\t\t<div class=\"elementor-container elementor-column-gap-default\">\n\t\t\t\t\t<div class=\"elementor-column elementor-col-100 elementor-top-column elementor-element elementor-element-88ab33f\" data-id=\"88ab33f\" data-element_type=\"column\">\n\t\t\t<div class=\"elementor-widget-wrap elementor-element-populated\">\n\t\t\t\t\t\t<div class=\"elementor-element elementor-element-7ff680b elementor-widget elementor-widget-text-editor\" data-id=\"7ff680b\" data-element_type=\"widget\" data-widget_type=\"text-editor.default\">\n\t\t\t\t<div class=\"elementor-widget-container\">\n\t\t\t\t\t\t\t<p style=\"text-align: center;\"><a href=\"https:\/\/centromigracionescyl.org\/\"><strong>Acceso al museo virtual de las migraciones de Castilla y Le\u00f3n<\/strong><\/a><\/p>\t\t\t\t\t\t<\/div>\n\t\t\t\t<\/div>\n\t\t\t\t\t<\/div>\n\t\t<\/div>\n\t\t\t\t\t<\/div>\n\t\t<\/section>\n\t\t\t\t<\/div>\n\t\t","protected":false},"excerpt":{"rendered":"<p>Difusi\u00f3n y transferencia \u00a0 Merino, Asunci\u00f3n y Espinoza, Carolina. \u00abEmigrantes espa\u00f1olas en defensa de sus derechos\u00bb, en Universo UNED, programa emitido en La 2 de Televisi\u00f3n Espa\u00f1ola el 21\/11\/2025. Minutos: 00:00:34-00:14:31Enlace a el video \u00a0 Juan Andr\u00e9s Blanco Rodr\u00edguez, director de la C\u00e1tedra de Poblaci\u00f3n, Vinculaci\u00f3n y Desarrollo, recibe el Premio \u00abCastilla y Le\u00f3n en [&hellip;]<\/p>\n","protected":false},"author":4,"featured_media":0,"parent":0,"menu_order":0,"comment_status":"closed","ping_status":"closed","template":"","meta":{"footnotes":""},"_links":{"self":[{"href":"https:\/\/asociacionismodelaemigracionespanola.com\/index.php\/wp-json\/wp\/v2\/pages\/2453"}],"collection":[{"href":"https:\/\/asociacionismodelaemigracionespanola.com\/index.php\/wp-json\/wp\/v2\/pages"}],"about":[{"href":"https:\/\/asociacionismodelaemigracionespanola.com\/index.php\/wp-json\/wp\/v2\/types\/page"}],"author":[{"embeddable":true,"href":"https:\/\/asociacionismodelaemigracionespanola.com\/index.php\/wp-json\/wp\/v2\/users\/4"}],"replies":[{"embeddable":true,"href":"https:\/\/asociacionismodelaemigracionespanola.com\/index.php\/wp-json\/wp\/v2\/comments?post=2453"}],"version-history":[{"count":85,"href":"https:\/\/asociacionismodelaemigracionespanola.com\/index.php\/wp-json\/wp\/v2\/pages\/2453\/revisions"}],"predecessor-version":[{"id":3361,"href":"https:\/\/asociacionismodelaemigracionespanola.com\/index.php\/wp-json\/wp\/v2\/pages\/2453\/revisions\/3361"}],"wp:attachment":[{"href":"https:\/\/asociacionismodelaemigracionespanola.com\/index.php\/wp-json\/wp\/v2\/media?parent=2453"}],"curies":[{"name":"wp","href":"https:\/\/api.w.org\/{rel}","templated":true}]}}