{"id":2476,"date":"2023-11-07T10:33:02","date_gmt":"2023-11-07T10:33:02","guid":{"rendered":"https:\/\/asociacionismodelaemigracionespanola.com\/?page_id=2476"},"modified":"2023-11-07T17:27:25","modified_gmt":"2023-11-07T17:27:25","slug":"argentina","status":"publish","type":"page","link":"https:\/\/asociacionismodelaemigracionespanola.com\/index.php\/argentina\/","title":{"rendered":"Argentina"},"content":{"rendered":"\t\t<div data-elementor-type=\"wp-page\" data-elementor-id=\"2476\" class=\"elementor elementor-2476\" data-elementor-post-type=\"page\">\n\t\t\t\t\t\t<section class=\"elementor-section elementor-top-section elementor-element elementor-element-cfc2892 elementor-section-boxed elementor-section-height-default elementor-section-height-default\" data-id=\"cfc2892\" data-element_type=\"section\">\n\t\t\t\t\t\t<div class=\"elementor-container elementor-column-gap-default\">\n\t\t\t\t\t<div class=\"elementor-column elementor-col-100 elementor-top-column elementor-element elementor-element-9fda9da\" data-id=\"9fda9da\" data-element_type=\"column\">\n\t\t\t<div class=\"elementor-widget-wrap elementor-element-populated\">\n\t\t\t\t\t\t<div class=\"elementor-element elementor-element-8a499ba elementor-widget elementor-widget-spacer\" data-id=\"8a499ba\" data-element_type=\"widget\" data-widget_type=\"spacer.default\">\n\t\t\t\t<div class=\"elementor-widget-container\">\n\t\t\t<style>\/*! elementor - v3.22.0 - 26-06-2024 *\/\n.elementor-column .elementor-spacer-inner{height:var(--spacer-size)}.e-con{--container-widget-width:100%}.e-con-inner>.elementor-widget-spacer,.e-con>.elementor-widget-spacer{width:var(--container-widget-width,var(--spacer-size));--align-self:var(--container-widget-align-self,initial);--flex-shrink:0}.e-con-inner>.elementor-widget-spacer>.elementor-widget-container,.e-con>.elementor-widget-spacer>.elementor-widget-container{height:100%;width:100%}.e-con-inner>.elementor-widget-spacer>.elementor-widget-container>.elementor-spacer,.e-con>.elementor-widget-spacer>.elementor-widget-container>.elementor-spacer{height:100%}.e-con-inner>.elementor-widget-spacer>.elementor-widget-container>.elementor-spacer>.elementor-spacer-inner,.e-con>.elementor-widget-spacer>.elementor-widget-container>.elementor-spacer>.elementor-spacer-inner{height:var(--container-widget-height,var(--spacer-size))}.e-con-inner>.elementor-widget-spacer.elementor-widget-empty,.e-con>.elementor-widget-spacer.elementor-widget-empty{position:relative;min-height:22px;min-width:22px}.e-con-inner>.elementor-widget-spacer.elementor-widget-empty .elementor-widget-empty-icon,.e-con>.elementor-widget-spacer.elementor-widget-empty .elementor-widget-empty-icon{position:absolute;top:0;bottom:0;left:0;right:0;margin:auto;padding:0;width:22px;height:22px}<\/style>\t\t<div class=\"elementor-spacer\">\n\t\t\t<div class=\"elementor-spacer-inner\"><\/div>\n\t\t<\/div>\n\t\t\t\t<\/div>\n\t\t\t\t<\/div>\n\t\t\t\t\t<\/div>\n\t\t<\/div>\n\t\t\t\t\t<\/div>\n\t\t<\/section>\n\t\t\t\t<section class=\"elementor-section elementor-top-section elementor-element elementor-element-9a2307a elementor-section-boxed elementor-section-height-default elementor-section-height-default\" data-id=\"9a2307a\" data-element_type=\"section\">\n\t\t\t\t\t\t<div class=\"elementor-container elementor-column-gap-default\">\n\t\t\t\t\t<div class=\"elementor-column elementor-col-100 elementor-top-column elementor-element elementor-element-0abba23\" data-id=\"0abba23\" data-element_type=\"column\">\n\t\t\t<div class=\"elementor-widget-wrap elementor-element-populated\">\n\t\t\t\t\t\t<div class=\"elementor-element elementor-element-2467cc0 elementor-widget elementor-widget-heading\" data-id=\"2467cc0\" data-element_type=\"widget\" data-widget_type=\"heading.default\">\n\t\t\t\t<div class=\"elementor-widget-container\">\n\t\t\t<style>\/*! elementor - v3.22.0 - 26-06-2024 *\/\n.elementor-heading-title{padding:0;margin:0;line-height:1}.elementor-widget-heading .elementor-heading-title[class*=elementor-size-]>a{color:inherit;font-size:inherit;line-height:inherit}.elementor-widget-heading .elementor-heading-title.elementor-size-small{font-size:15px}.elementor-widget-heading .elementor-heading-title.elementor-size-medium{font-size:19px}.elementor-widget-heading .elementor-heading-title.elementor-size-large{font-size:29px}.elementor-widget-heading .elementor-heading-title.elementor-size-xl{font-size:39px}.elementor-widget-heading .elementor-heading-title.elementor-size-xxl{font-size:59px}<\/style><h2 class=\"elementor-heading-title elementor-size-default\">Argentina<\/h2>\t\t<\/div>\n\t\t\t\t<\/div>\n\t\t\t\t\t<\/div>\n\t\t<\/div>\n\t\t\t\t\t<\/div>\n\t\t<\/section>\n\t\t\t\t<section class=\"elementor-section elementor-top-section elementor-element elementor-element-759a74f elementor-section-boxed elementor-section-height-default elementor-section-height-default\" data-id=\"759a74f\" data-element_type=\"section\">\n\t\t\t\t\t\t<div class=\"elementor-container elementor-column-gap-default\">\n\t\t\t\t\t<div class=\"elementor-column elementor-col-100 elementor-top-column elementor-element elementor-element-7bd0585\" data-id=\"7bd0585\" data-element_type=\"column\">\n\t\t\t<div class=\"elementor-widget-wrap elementor-element-populated\">\n\t\t\t\t\t\t<div class=\"elementor-element elementor-element-040fb69 elementor-widget elementor-widget-text-editor\" data-id=\"040fb69\" data-element_type=\"widget\" data-widget_type=\"text-editor.default\">\n\t\t\t\t<div class=\"elementor-widget-container\">\n\t\t\t<style>\/*! elementor - v3.22.0 - 26-06-2024 *\/\n.elementor-widget-text-editor.elementor-drop-cap-view-stacked .elementor-drop-cap{background-color:#69727d;color:#fff}.elementor-widget-text-editor.elementor-drop-cap-view-framed .elementor-drop-cap{color:#69727d;border:3px solid;background-color:transparent}.elementor-widget-text-editor:not(.elementor-drop-cap-view-default) .elementor-drop-cap{margin-top:8px}.elementor-widget-text-editor:not(.elementor-drop-cap-view-default) .elementor-drop-cap-letter{width:1em;height:1em}.elementor-widget-text-editor .elementor-drop-cap{float:left;text-align:center;line-height:1;font-size:50px}.elementor-widget-text-editor .elementor-drop-cap-letter{display:inline-block}<\/style>\t\t\t\t<p>Este art\u00edculo es para comentar todo lo referente a las asociaciones en Argentina.<\/p><p>La emigraci\u00f3n ha sido uno de los procesos m\u00e1s importantes en la historia contempor\u00e1nea de Espa\u00f1a. Los mayores contingentes migratorios se dirigen fundamentalmente a Am\u00e9rica entre el \u00faltimo tercio del siglo XIX y los a\u00f1os 20 del siglo XX. Tras la Segunda Guerra Mundial se produce un repunte significativo hacia lugares de larga tradici\u00f3n inmigratoria como Argentina as\u00ed como a distintos destinos europeos, que se prolonga hasta mediados de los 70. En los \u00faltimos a\u00f1os vivimos una nueva etapa migratoria como consecuencia la crisis econ\u00f3mica mundial.<\/p><p>Un elemento que refleja de manera particular esa incidencia de la emigraci\u00f3n en los lugares de llegada y de salida es el fen\u00f3meno asociacionista, que ha ido evolucionando a lo largo del tiempo y seg\u00fan las circunstancias de cada entorno.<\/p><p>Ser\u00eda complicado plantear un an\u00e1lisis global de este proceso por lo que la presente investigaci\u00f3n se centrar\u00e1 en cuatro \u00e1mbitos presentados como estudios de caso: Cuba y Argentina, como destinos hist\u00f3ricos m\u00e1s emblem\u00e1ticos de la emigraci\u00f3n masiva, y Alemania e Inglaterra como destinos significativos tras la Segunda Guerra Mundial -el primero-, y en las nuevas oleadas migratorias actuales \u2013el segundo-.<\/p><p>MEN\u00da FICHAS ARGENTINA<\/p><ul><li class=\"item-208\">Asociaciones de car\u00e1cter general<\/li><li class=\"item-209\">Asociaciones Espa\u00f1olas<\/li><li class=\"item-210 has-sub parent\">Asociaciones Regionales<ul><li class=\"item-144\"><a href=\"https:\/\/asociacionismodelaemigracionespanola.com\/wp-content\/uploads\/2023\/11\/9_CentrodeCastillayLeondeCoronelDorrego.pdf\">Centro de Castilla y Le\u00f3n de Coronel Dorrego<\/a><\/li><li class=\"item-139\"><a href=\"https:\/\/asociacionismodelaemigracionespanola.com\/wp-content\/uploads\/2023\/11\/4_CentroCastellanoyLeonesdeBahiaBlanca.pdf\">Centro Castellano y Leon\u00e9s de Bah\u00eda Blanca<\/a><\/li><li class=\"item-140\"><a href=\"https:\/\/asociacionismodelaemigracionespanola.com\/wp-content\/uploads\/2023\/11\/5_CentroCastellanoLeonesdeBolivar.pdf\">Centro Castellano y Leon\u00e9s de Bol\u00edvar<\/a><\/li><li class=\"item-141\"><a href=\"https:\/\/asociacionismodelaemigracionespanola.com\/wp-content\/uploads\/2023\/11\/6_CentroCastellanoyLeonesdeCasbas.pdf\">Centro Castellano y Leon\u00e9s de Casbas<\/a><\/li><li class=\"item-143\"><a href=\"https:\/\/asociacionismodelaemigracionespanola.com\/wp-content\/uploads\/2023\/11\/8_CentroCastilladeRosario.pdf\">Centro Castilla de Rosario<\/a><\/li><li class=\"item-149\"><a href=\"https:\/\/asociacionismodelaemigracionespanola.com\/wp-content\/uploads\/2023\/11\/10_CentrodeCastillayLeondeMardelPlata.pdf\">Centro de Castilla y Le\u00f3n de Mar del Plata<\/a><\/li><li class=\"item-145\"><a href=\"https:\/\/asociacionismodelaemigracionespanola.com\/wp-content\/uploads\/2023\/11\/11_CentroCastellanoleonesdeLaPlata.pdf\">Centro Castellanoleon\u00e9s de la Plata<\/a><\/li><li class=\"item-146\"><a href=\"https:\/\/asociacionismodelaemigracionespanola.com\/wp-content\/uploads\/2023\/11\/12_CentroRegionalCastellanoLeonesdeTresLomas.pdf\">Centro Regional Castellano Leon\u00e9s de Tres Lomas<\/a><\/li><li class=\"item-186\"><a href=\"https:\/\/asociacionismodelaemigracionespanola.com\/wp-content\/uploads\/2023\/11\/31_FederaciondeSociedadesCastellanasyLeonesasdelaRepublicaArgentina.pdf\">Federaci\u00f3n de Sociedades Castellanas y Leonesas de la Rep\u00fablica Argentina<\/a><\/li><li class=\"item-142\"><a href=\"https:\/\/asociacionismodelaemigracionespanola.com\/wp-content\/uploads\/2023\/11\/7_ComunidadCastellanadeSantaFe.pdf\">Comunidad Castellana de Santa Fe<\/a><\/li><li class=\"item-193\"><a href=\"https:\/\/asociacionismodelaemigracionespanola.com\/wp-content\/uploads\/2023\/11\/46_CentroCastellanodeSantaFe.pdf\">Centro Castellano de Santa Fe<\/a><\/li><li class=\"item-194\"><a href=\"https:\/\/asociacionismodelaemigracionespanola.com\/wp-content\/uploads\/2023\/11\/54_UniondeSociedadesCastellanas.pdf\">Uni\u00f3n de Sociedades Castellanas<\/a><\/li><li class=\"item-222\"><a href=\"https:\/\/asociacionismodelaemigracionespanola.com\/wp-content\/uploads\/2023\/11\/61_AsociacionCivilCastellanoyLeonesadeEmpresariosdeArgentina.pdf\">Asociaci\u00f3n Civil Castellano y Leonesa de Empresarios de Argentina<\/a><\/li><\/ul><\/li><li class=\"item-211 has-sub parent\">Asociaciones provinciales<ul><li class=\"item-138\"><a href=\"https:\/\/asociacionismodelaemigracionespanola.com\/wp-content\/uploads\/2023\/11\/3_CentroBurgalesdeBuenosAires.pdf\">Centro Burgal\u00e9s de Buenos Aires<\/a><\/li><li class=\"item-147\"><a href=\"https:\/\/asociacionismodelaemigracionespanola.com\/wp-content\/uploads\/2023\/11\/13_CentroSalamanca.pdf\">Centro Salamanca<\/a><\/li><li class=\"item-148\"><a href=\"https:\/\/asociacionismodelaemigracionespanola.com\/wp-content\/uploads\/2023\/11\/14_CentroSorianoNumancia.pdf\">Centro Soriano Numancia<\/a><\/li><li class=\"item-150\"><a href=\"https:\/\/asociacionismodelaemigracionespanola.com\/wp-content\/uploads\/2023\/11\/15_CasadePalenciaenBuenosAires.pdf\">Casa de Palencia en Buenos Aires<\/a><\/li><li class=\"item-151\"><a href=\"https:\/\/asociacionismodelaemigracionespanola.com\/wp-content\/uploads\/2023\/11\/16_CentroZamoranodeBuenosAires.pdf\">Centro Zamorano de Buenos Aires<\/a><\/li><li class=\"item-154\"><a href=\"https:\/\/asociacionismodelaemigracionespanola.com\/wp-content\/uploads\/2023\/11\/19_CentroLeonesdeBuenosAires.pdf\">Centro Leon\u00e9s de Buenos Aires<\/a><\/li><li class=\"item-157\"><a href=\"https:\/\/asociacionismodelaemigracionespanola.com\/wp-content\/uploads\/2023\/11\/22_CentroAvila.pdf\">Centro \u00c1vila<\/a><\/li><li class=\"item-158\"><a href=\"https:\/\/asociacionismodelaemigracionespanola.com\/wp-content\/uploads\/2023\/11\/23_CentroViriato.pdf\">Centro Viriato<\/a><\/li><li class=\"item-165\"><a href=\"https:\/\/asociacionismodelaemigracionespanola.com\/wp-content\/uploads\/2023\/11\/34_CirculoSalmantinodelaciudaddeCordoba.pdf\">C\u00edrculo Salmantino de la ciudad de C\u00f3rdoba<\/a><\/li><li class=\"item-174\"><a href=\"https:\/\/asociacionismodelaemigracionespanola.com\/wp-content\/uploads\/2023\/11\/50_CirculodeSalamanca_Social_Cultural_Deportivo.pdf\">C\u00edrculo de Salamanca, Social, Cultural y Deportivo<\/a><\/li><li class=\"item-176\"><a href=\"https:\/\/asociacionismodelaemigracionespanola.com\/wp-content\/uploads\/2023\/11\/52_CentroSocialAvila.pdf\">Centro Social \u00c1vila<\/a><\/li><li class=\"item-177\"><a href=\"https:\/\/asociacionismodelaemigracionespanola.com\/wp-content\/uploads\/2023\/11\/53_UnionSalmantina.pdf\">Uni\u00f3n Salmantina<\/a><\/li><li class=\"item-136\"><a href=\"https:\/\/asociacionismodelaemigracionespanola.com\/wp-content\/uploads\/2023\/11\/1_CentroRegionLeonesadeBuenosAires.pdf\">Centro Regi\u00f3n Leonesa de Buenos Aires<\/a><\/li><li class=\"item-226\"><a href=\"https:\/\/asociacionismodelaemigracionespanola.com\/wp-content\/uploads\/2023\/11\/67_CentroSorianodeLujan.pdf\">Centro Soriano de Luj\u00e1n<\/a><\/li><\/ul><\/li><li class=\"item-212 has-sub parent\">Asociaciones microterritoriales<ul><li class=\"item-137\"><a href=\"https:\/\/asociacionismodelaemigracionespanola.com\/wp-content\/uploads\/2023\/11\/2_CentroMaragatoValdeSanLorenzo.pdf\">Centro Maragato Val de San Lorenzo<\/a><\/li><li class=\"item-152\"><a href=\"https:\/\/asociacionismodelaemigracionespanola.com\/wp-content\/uploads\/2023\/11\/17_SociedadSanabresadeAyudaMutuayRecreativa.pdf\">Sociedad Sanabresa de Ayuda Mutua y Recreativa<\/a><\/li><li class=\"item-153\"><a href=\"https:\/\/asociacionismodelaemigracionespanola.com\/wp-content\/uploads\/2023\/11\/18_CentroFermosellano.pdf\">Centro Fermosellano<\/a><\/li><li class=\"item-166\"><a href=\"https:\/\/asociacionismodelaemigracionespanola.com\/wp-content\/uploads\/2023\/11\/35_SociedadMontanesesdeLeon.pdf\">Sociedad Monta\u00f1esa de Le\u00f3n<\/a><\/li><li class=\"item-167\"><a href=\"https:\/\/asociacionismodelaemigracionespanola.com\/wp-content\/uploads\/2023\/11\/36_UnionHijosdelaVilladeFermoselle.pdf\">Uni\u00f3n Hijos de la Villa de Fermoselle<\/a><\/li><li class=\"item-168\"><a href=\"https:\/\/asociacionismodelaemigracionespanola.com\/wp-content\/uploads\/2023\/11\/37_UnionMutuadeVilvestre.pdf\">Uni\u00f3n Mutua de Vilvestre<\/a><\/li><li class=\"item-175\"><a href=\"https:\/\/asociacionismodelaemigracionespanola.com\/wp-content\/uploads\/2023\/11\/51_SociedadRecreativaymutuadelosResidentesdelBarcodeAvila.pdf\">Sociedad Recreativa y Mutua de los Residentes del Barco de \u00c1vila<\/a><\/li><li class=\"item-223\"><a href=\"https:\/\/asociacionismodelaemigracionespanola.com\/wp-content\/uploads\/2023\/11\/62_CentroBercianodeBuenosAires.pdf\">Centro Berciano de Buenos Aires<\/a><\/li><li class=\"item-224\"><a href=\"https:\/\/asociacionismodelaemigracionespanola.com\/wp-content\/uploads\/2023\/11\/63_JuntadeFermosellanosenLaArgentina.pdf\">Junta de Fermosellanos en La Argentina<\/a><\/li><li class=\"item-225\"><a href=\"https:\/\/asociacionismodelaemigracionespanola.com\/wp-content\/uploads\/2023\/11\/66_SociedadProtectoradelPueblode-Salduero.pdf\">Sociedad Protectora del Pueblo de Salduero<\/a><\/li><\/ul><\/li><\/ul>\t\t\t\t\t\t<\/div>\n\t\t\t\t<\/div>\n\t\t\t\t\t<\/div>\n\t\t<\/div>\n\t\t\t\t\t<\/div>\n\t\t<\/section>\n\t\t\t\t<\/div>\n\t\t","protected":false},"excerpt":{"rendered":"<p>Argentina Este art\u00edculo es para comentar todo lo referente a las asociaciones en Argentina. La emigraci\u00f3n ha sido uno de los procesos m\u00e1s importantes en la historia contempor\u00e1nea de Espa\u00f1a. Los mayores contingentes migratorios se dirigen fundamentalmente a Am\u00e9rica entre el \u00faltimo tercio del siglo XIX y los a\u00f1os 20 del siglo XX. Tras la [&hellip;]<\/p>\n","protected":false},"author":4,"featured_media":0,"parent":0,"menu_order":0,"comment_status":"closed","ping_status":"closed","template":"","meta":{"footnotes":""},"_links":{"self":[{"href":"https:\/\/asociacionismodelaemigracionespanola.com\/index.php\/wp-json\/wp\/v2\/pages\/2476"}],"collection":[{"href":"https:\/\/asociacionismodelaemigracionespanola.com\/index.php\/wp-json\/wp\/v2\/pages"}],"about":[{"href":"https:\/\/asociacionismodelaemigracionespanola.com\/index.php\/wp-json\/wp\/v2\/types\/page"}],"author":[{"embeddable":true,"href":"https:\/\/asociacionismodelaemigracionespanola.com\/index.php\/wp-json\/wp\/v2\/users\/4"}],"replies":[{"embeddable":true,"href":"https:\/\/asociacionismodelaemigracionespanola.com\/index.php\/wp-json\/wp\/v2\/comments?post=2476"}],"version-history":[{"count":10,"href":"https:\/\/asociacionismodelaemigracionespanola.com\/index.php\/wp-json\/wp\/v2\/pages\/2476\/revisions"}],"predecessor-version":[{"id":2648,"href":"https:\/\/asociacionismodelaemigracionespanola.com\/index.php\/wp-json\/wp\/v2\/pages\/2476\/revisions\/2648"}],"wp:attachment":[{"href":"https:\/\/asociacionismodelaemigracionespanola.com\/index.php\/wp-json\/wp\/v2\/media?parent=2476"}],"curies":[{"name":"wp","href":"https:\/\/api.w.org\/{rel}","templated":true}]}}