{"id":2483,"date":"2023-11-07T10:36:54","date_gmt":"2023-11-07T10:36:54","guid":{"rendered":"https:\/\/asociacionismodelaemigracionespanola.com\/?page_id=2483"},"modified":"2024-01-16T16:10:33","modified_gmt":"2024-01-16T16:10:33","slug":"cuba","status":"publish","type":"page","link":"https:\/\/asociacionismodelaemigracionespanola.com\/index.php\/cuba\/","title":{"rendered":"Cuba"},"content":{"rendered":"\t\t<div data-elementor-type=\"wp-page\" data-elementor-id=\"2483\" class=\"elementor elementor-2483\" data-elementor-post-type=\"page\">\n\t\t\t\t\t\t<section class=\"elementor-section elementor-top-section elementor-element elementor-element-0225aef elementor-section-boxed elementor-section-height-default elementor-section-height-default\" data-id=\"0225aef\" data-element_type=\"section\">\n\t\t\t\t\t\t<div class=\"elementor-container elementor-column-gap-default\">\n\t\t\t\t\t<div class=\"elementor-column elementor-col-100 elementor-top-column elementor-element elementor-element-359efb3\" data-id=\"359efb3\" data-element_type=\"column\">\n\t\t\t<div class=\"elementor-widget-wrap elementor-element-populated\">\n\t\t\t\t\t\t<div class=\"elementor-element elementor-element-d986c79 elementor-widget elementor-widget-spacer\" data-id=\"d986c79\" data-element_type=\"widget\" data-widget_type=\"spacer.default\">\n\t\t\t\t<div class=\"elementor-widget-container\">\n\t\t\t<style>\/*! elementor - v3.22.0 - 26-06-2024 *\/\n.elementor-column .elementor-spacer-inner{height:var(--spacer-size)}.e-con{--container-widget-width:100%}.e-con-inner>.elementor-widget-spacer,.e-con>.elementor-widget-spacer{width:var(--container-widget-width,var(--spacer-size));--align-self:var(--container-widget-align-self,initial);--flex-shrink:0}.e-con-inner>.elementor-widget-spacer>.elementor-widget-container,.e-con>.elementor-widget-spacer>.elementor-widget-container{height:100%;width:100%}.e-con-inner>.elementor-widget-spacer>.elementor-widget-container>.elementor-spacer,.e-con>.elementor-widget-spacer>.elementor-widget-container>.elementor-spacer{height:100%}.e-con-inner>.elementor-widget-spacer>.elementor-widget-container>.elementor-spacer>.elementor-spacer-inner,.e-con>.elementor-widget-spacer>.elementor-widget-container>.elementor-spacer>.elementor-spacer-inner{height:var(--container-widget-height,var(--spacer-size))}.e-con-inner>.elementor-widget-spacer.elementor-widget-empty,.e-con>.elementor-widget-spacer.elementor-widget-empty{position:relative;min-height:22px;min-width:22px}.e-con-inner>.elementor-widget-spacer.elementor-widget-empty .elementor-widget-empty-icon,.e-con>.elementor-widget-spacer.elementor-widget-empty .elementor-widget-empty-icon{position:absolute;top:0;bottom:0;left:0;right:0;margin:auto;padding:0;width:22px;height:22px}<\/style>\t\t<div class=\"elementor-spacer\">\n\t\t\t<div class=\"elementor-spacer-inner\"><\/div>\n\t\t<\/div>\n\t\t\t\t<\/div>\n\t\t\t\t<\/div>\n\t\t\t\t<div class=\"elementor-element elementor-element-b021e0d elementor-widget elementor-widget-heading\" data-id=\"b021e0d\" data-element_type=\"widget\" data-widget_type=\"heading.default\">\n\t\t\t\t<div class=\"elementor-widget-container\">\n\t\t\t<style>\/*! elementor - v3.22.0 - 26-06-2024 *\/\n.elementor-heading-title{padding:0;margin:0;line-height:1}.elementor-widget-heading .elementor-heading-title[class*=elementor-size-]>a{color:inherit;font-size:inherit;line-height:inherit}.elementor-widget-heading .elementor-heading-title.elementor-size-small{font-size:15px}.elementor-widget-heading .elementor-heading-title.elementor-size-medium{font-size:19px}.elementor-widget-heading .elementor-heading-title.elementor-size-large{font-size:29px}.elementor-widget-heading .elementor-heading-title.elementor-size-xl{font-size:39px}.elementor-widget-heading .elementor-heading-title.elementor-size-xxl{font-size:59px}<\/style><h2 class=\"elementor-heading-title elementor-size-default\">Cuba<\/h2>\t\t<\/div>\n\t\t\t\t<\/div>\n\t\t\t\t<div class=\"elementor-element elementor-element-3437b30 elementor-widget elementor-widget-text-editor\" data-id=\"3437b30\" data-element_type=\"widget\" data-widget_type=\"text-editor.default\">\n\t\t\t\t<div class=\"elementor-widget-container\">\n\t\t\t<style>\/*! elementor - v3.22.0 - 26-06-2024 *\/\n.elementor-widget-text-editor.elementor-drop-cap-view-stacked .elementor-drop-cap{background-color:#69727d;color:#fff}.elementor-widget-text-editor.elementor-drop-cap-view-framed .elementor-drop-cap{color:#69727d;border:3px solid;background-color:transparent}.elementor-widget-text-editor:not(.elementor-drop-cap-view-default) .elementor-drop-cap{margin-top:8px}.elementor-widget-text-editor:not(.elementor-drop-cap-view-default) .elementor-drop-cap-letter{width:1em;height:1em}.elementor-widget-text-editor .elementor-drop-cap{float:left;text-align:center;line-height:1;font-size:50px}.elementor-widget-text-editor .elementor-drop-cap-letter{display:inline-block}<\/style>\t\t\t\t<p><!-- wp:paragraph --><\/p>\n<p>MEN\u00da FICHAS CUBA<\/p>\n<ul>\n<li class=\"item-242 has-sub parent\">Asociaciones Regionales\n<ul>\n<li class=\"item-241\"><a href=\"https:\/\/asociacionismodelaemigracionespanola.com\/wp-content\/uploads\/2023\/11\/64_AsociacionCastellanadelaProvinciadeSantiagodeCuba.pdf\">Asociaci\u00f3n Castellana de la Provincia de Santiago de Cuba<\/a><\/li>\n<\/ul>\n<\/li>\n<li class=\"item-221 has-sub parent\">Asociaciones Provinciales\n<ul>\n<li class=\"item-233\"><a href=\"https:\/\/asociacionismodelaemigracionespanola.com\/wp-content\/uploads\/2023\/11\/21_ColoniaLeonesadeCuba.pdf\">Colonia Leonesa de Cuba<\/a><\/li>\n<li class=\"item-234\"><a href=\"https:\/\/asociacionismodelaemigracionespanola.com\/wp-content\/uploads\/2023\/11\/25_ColoniaPalentinadeCuba.pdf\">Colonia Palentina de Cuba<\/a><\/li>\n<li class=\"item-235\"><a href=\"https:\/\/asociacionismodelaemigracionespanola.com\/wp-content\/uploads\/2023\/11\/26_ClubSegovianodeLaHabana.pdf\">Club Segoviano de La Habana<\/a><\/li>\n<li class=\"item-236\"><a href=\"https:\/\/asociacionismodelaemigracionespanola.com\/wp-content\/uploads\/2023\/11\/28_ColoniaSalmantinadeCuba.pdf\">Colonia Salmantina de Cuba<\/a><\/li>\n<li class=\"item-237\"><a href=\"https:\/\/asociacionismodelaemigracionespanola.com\/wp-content\/uploads\/2023\/11\/30_SociedadBeneficaBurgalesa.pdf\">Sociedad Ben\u00e9fica Burgalesa<\/a><\/li>\n<li class=\"item-238\"><a href=\"https:\/\/asociacionismodelaemigracionespanola.com\/wp-content\/uploads\/2023\/11\/40_UnionVallisoletanadeCuba.pdf\">Uni\u00f3n Vallisoletana de Cuba<\/a><\/li>\n<li class=\"item-239\"><a href=\"https:\/\/asociacionismodelaemigracionespanola.com\/wp-content\/uploads\/2023\/11\/55_RecreoBurgales.pdf\">Recreo Burgal\u00e9s<\/a><\/li>\n<li class=\"item-240\"><a href=\"https:\/\/asociacionismodelaemigracionespanola.com\/wp-content\/uploads\/2023\/11\/58_ClubSalmantino.pdf\">Club Salmantino<\/a><\/li>\n<\/ul>\n<\/li>\n<li class=\"item-220 has-sub parent\">Asociaciones Microterritoriales\n<ul>\n<li class=\"item-228\"><a href=\"https:\/\/asociacionismodelaemigracionespanola.com\/wp-content\/uploads\/2023\/11\/38_SociedadHijosdeCofinal.pdf\">Sociedad Hijos de Cofi\u00f1al<\/a><\/li>\n<li class=\"item-231\"><a href=\"https:\/\/asociacionismodelaemigracionespanola.com\/wp-content\/uploads\/2023\/11\/21_ColoniaLeonesadeCuba.pdf\">Club Villarino<\/a><\/li>\n<li class=\"item-232\"><a href=\"https:\/\/asociacionismodelaemigracionespanola.com\/wp-content\/uploads\/2023\/11\/3_CentroBurgalesdeBuenosAires.pdf\">Sociedad Hijos de Buiza<\/a><\/li>\n<\/ul>\n<\/li>\n<\/ul>\n<p><!-- \/wp:paragraph --><\/p>\t\t\t\t\t\t<\/div>\n\t\t\t\t<\/div>\n\t\t\t\t\t<\/div>\n\t\t<\/div>\n\t\t\t\t\t<\/div>\n\t\t<\/section>\n\t\t\t\t<section class=\"elementor-section elementor-top-section elementor-element elementor-element-5cc70af elementor-section-boxed elementor-section-height-default elementor-section-height-default\" data-id=\"5cc70af\" data-element_type=\"section\">\n\t\t\t\t\t\t<div class=\"elementor-container elementor-column-gap-default\">\n\t\t\t\t\t<div class=\"elementor-column elementor-col-100 elementor-top-column elementor-element elementor-element-f532500\" data-id=\"f532500\" data-element_type=\"column\">\n\t\t\t<div class=\"elementor-widget-wrap\">\n\t\t\t\t\t\t\t<\/div>\n\t\t<\/div>\n\t\t\t\t\t<\/div>\n\t\t<\/section>\n\t\t\t\t<\/div>\n\t\t","protected":false},"excerpt":{"rendered":"<p>Cuba MEN\u00da FICHAS CUBA Asociaciones Regionales Asociaci\u00f3n Castellana de la Provincia de Santiago de Cuba Asociaciones Provinciales Colonia Leonesa de Cuba Colonia Palentina de Cuba Club Segoviano de La Habana Colonia Salmantina de Cuba Sociedad Ben\u00e9fica Burgalesa Uni\u00f3n Vallisoletana de Cuba Recreo Burgal\u00e9s Club Salmantino Asociaciones Microterritoriales Sociedad Hijos de Cofi\u00f1al Club Villarino Sociedad Hijos [&hellip;]<\/p>\n","protected":false},"author":4,"featured_media":0,"parent":0,"menu_order":0,"comment_status":"closed","ping_status":"closed","template":"","meta":{"footnotes":""},"_links":{"self":[{"href":"https:\/\/asociacionismodelaemigracionespanola.com\/index.php\/wp-json\/wp\/v2\/pages\/2483"}],"collection":[{"href":"https:\/\/asociacionismodelaemigracionespanola.com\/index.php\/wp-json\/wp\/v2\/pages"}],"about":[{"href":"https:\/\/asociacionismodelaemigracionespanola.com\/index.php\/wp-json\/wp\/v2\/types\/page"}],"author":[{"embeddable":true,"href":"https:\/\/asociacionismodelaemigracionespanola.com\/index.php\/wp-json\/wp\/v2\/users\/4"}],"replies":[{"embeddable":true,"href":"https:\/\/asociacionismodelaemigracionespanola.com\/index.php\/wp-json\/wp\/v2\/comments?post=2483"}],"version-history":[{"count":22,"href":"https:\/\/asociacionismodelaemigracionespanola.com\/index.php\/wp-json\/wp\/v2\/pages\/2483\/revisions"}],"predecessor-version":[{"id":2954,"href":"https:\/\/asociacionismodelaemigracionespanola.com\/index.php\/wp-json\/wp\/v2\/pages\/2483\/revisions\/2954"}],"wp:attachment":[{"href":"https:\/\/asociacionismodelaemigracionespanola.com\/index.php\/wp-json\/wp\/v2\/media?parent=2483"}],"curies":[{"name":"wp","href":"https:\/\/api.w.org\/{rel}","templated":true}]}}