{"id":826,"date":"2022-02-18T00:30:12","date_gmt":"2022-02-18T00:30:12","guid":{"rendered":"https:\/\/asociacionismodelaemigracionespanola.com\/?page_id=826"},"modified":"2023-11-29T11:03:29","modified_gmt":"2023-11-29T11:03:29","slug":"organigrama-equipo-de-asociacionismo","status":"publish","type":"page","link":"https:\/\/asociacionismodelaemigracionespanola.com\/index.php\/organigrama-equipo-de-asociacionismo\/","title":{"rendered":"Equipo actual"},"content":{"rendered":"\t\t<div data-elementor-type=\"wp-page\" data-elementor-id=\"826\" class=\"elementor elementor-826\" data-elementor-post-type=\"page\">\n\t\t\t\t\t\t<section class=\"elementor-section elementor-top-section elementor-element elementor-element-ed172dc elementor-section-boxed elementor-section-height-default elementor-section-height-default\" data-id=\"ed172dc\" data-element_type=\"section\">\n\t\t\t\t\t\t<div class=\"elementor-container elementor-column-gap-default\">\n\t\t\t\t\t<div class=\"elementor-column elementor-col-100 elementor-top-column elementor-element elementor-element-7153045\" data-id=\"7153045\" data-element_type=\"column\">\n\t\t\t<div class=\"elementor-widget-wrap elementor-element-populated\">\n\t\t\t\t\t\t<div class=\"elementor-element elementor-element-1b2b044 elementor-widget elementor-widget-spacer\" data-id=\"1b2b044\" data-element_type=\"widget\" data-widget_type=\"spacer.default\">\n\t\t\t\t<div class=\"elementor-widget-container\">\n\t\t\t<style>\/*! elementor - v3.22.0 - 26-06-2024 *\/\n.elementor-column .elementor-spacer-inner{height:var(--spacer-size)}.e-con{--container-widget-width:100%}.e-con-inner>.elementor-widget-spacer,.e-con>.elementor-widget-spacer{width:var(--container-widget-width,var(--spacer-size));--align-self:var(--container-widget-align-self,initial);--flex-shrink:0}.e-con-inner>.elementor-widget-spacer>.elementor-widget-container,.e-con>.elementor-widget-spacer>.elementor-widget-container{height:100%;width:100%}.e-con-inner>.elementor-widget-spacer>.elementor-widget-container>.elementor-spacer,.e-con>.elementor-widget-spacer>.elementor-widget-container>.elementor-spacer{height:100%}.e-con-inner>.elementor-widget-spacer>.elementor-widget-container>.elementor-spacer>.elementor-spacer-inner,.e-con>.elementor-widget-spacer>.elementor-widget-container>.elementor-spacer>.elementor-spacer-inner{height:var(--container-widget-height,var(--spacer-size))}.e-con-inner>.elementor-widget-spacer.elementor-widget-empty,.e-con>.elementor-widget-spacer.elementor-widget-empty{position:relative;min-height:22px;min-width:22px}.e-con-inner>.elementor-widget-spacer.elementor-widget-empty .elementor-widget-empty-icon,.e-con>.elementor-widget-spacer.elementor-widget-empty .elementor-widget-empty-icon{position:absolute;top:0;bottom:0;left:0;right:0;margin:auto;padding:0;width:22px;height:22px}<\/style>\t\t<div class=\"elementor-spacer\">\n\t\t\t<div class=\"elementor-spacer-inner\"><\/div>\n\t\t<\/div>\n\t\t\t\t<\/div>\n\t\t\t\t<\/div>\n\t\t\t\t<div class=\"elementor-element elementor-element-3ddd582 elementor-widget__width-initial elementor-widget elementor-widget-text-editor\" data-id=\"3ddd582\" data-element_type=\"widget\" data-widget_type=\"text-editor.default\">\n\t\t\t\t<div class=\"elementor-widget-container\">\n\t\t\t<style>\/*! elementor - v3.22.0 - 26-06-2024 *\/\n.elementor-widget-text-editor.elementor-drop-cap-view-stacked .elementor-drop-cap{background-color:#69727d;color:#fff}.elementor-widget-text-editor.elementor-drop-cap-view-framed .elementor-drop-cap{color:#69727d;border:3px solid;background-color:transparent}.elementor-widget-text-editor:not(.elementor-drop-cap-view-default) .elementor-drop-cap{margin-top:8px}.elementor-widget-text-editor:not(.elementor-drop-cap-view-default) .elementor-drop-cap-letter{width:1em;height:1em}.elementor-widget-text-editor .elementor-drop-cap{float:left;text-align:center;line-height:1;font-size:50px}.elementor-widget-text-editor .elementor-drop-cap-letter{display:inline-block}<\/style>\t\t\t\t<h3>Co-IP<\/h3>\n<h5>Asunci\u00f3n Merino Hernando<\/h5>\n<p><a href=\"https:\/\/portalcientifico.uned.es\/investigadores\/183203\/detalle\">Universidad Nacional de Educaci\u00f3n a Distancia<\/a><\/p>\n<p><a href=\"https:\/\/orcid.org\/0000-0002-1346-9217\">https:\/\/orcid.org\/0000-0002-1346-9217<\/a><\/p>\n<p><a href=\"mailto:amerino@fsof.uned.es\">amerino@fsof.uned.es<\/a><\/p>\n<h5>Arsenio Dacosta<\/h5>\n<p><a href=\"https:\/\/produccioncientifica.usal.es\/investigadores\/57761\/detalle\">Universidad de Salamanca<\/a><\/p>\n<p><a href=\"https:\/\/orcid.org\/0000-0002-3069-028X\">https:\/\/orcid.org\/0000-0002-3069-028X<\/a><\/p>\n<p><a href=\"mailto:adacosta@usal.es\">adacosta@usal.es<\/a><\/p>\n<p><br><\/p>\n<h3>Miembros del equipo de investigaci\u00f3n<\/h3>\n<h5>Francisco Javier Frutos Esteban<\/h5>\n<p><a href=\"https:\/\/produccioncientifica.usal.es\/investigadores\/57081\/detalle\">Universidad de Salamanca<\/a><\/p>\n<p><a href=\"https:\/\/orcid.org\/0000-0002-4014-8793\">https:\/\/orcid.org\/0000-0002-4014-8793<\/a><\/p>\n<h5>Carmen L\u00f3pez San Segundo<\/h5>\n<p><a href=\"https:\/\/produccioncientifica.usal.es\/investigadores\/157382\/detalle\">Universidad de Salamanca<\/a><\/p>\n<p><a href=\"https:\/\/orcid.org\/0000-0003-0006-7769\">https:\/\/orcid.org\/0000-0003-0006-7769<\/a><\/p>\n<h5>Isaac Mart\u00edn Nieto<\/h5>\n<p><a href=\"https:\/\/produccioncientifica.usal.es\/investigadores\/157266\/detalle\">Universidad de Salamanca<\/a><\/p>\n<p><a href=\"https:\/\/orcid.org\/0000-0002-9565-0385\">https:\/\/orcid.org\/0000-0002-9565-0385<\/a><\/p>\n<h5>Katarzyna Porada<\/h5>\n<p><a href=\"https:\/\/portalcientifico.uned.es\/investigadores\/205264\/detalle\">Universidad Nacional de Educaci\u00f3n a Distancia<\/a><\/p>\n<p><a href=\"https:\/\/orcid.org\/0000-0002-6161-2065\">https:\/\/orcid.org\/0000-0002-6161-2065<\/a><\/p>\n<h5>Carolina Andrea Espinoza Cartes<\/h5>\n<p><a href=\"https:\/\/portalcientifico.uned.es\/investigadores\/445686\/detalle\">Universidad Nacional de Educaci\u00f3n a Distancia<\/a><\/p>\n<p><a href=\"https:\/\/orcid.org\/0000-0003-3172-5306\">https:\/\/orcid.org\/0000-0003-3172-5306<\/a><\/p>\n<h5>B\u00e1rbara Ortu\u00f1o Mart\u00ednez<\/h5>\n<p><a href=\"https:\/\/cvnet.cpd.ua.es\/curriculum-breve\/es\/ortuno-martinez-barbara\/257001\">Universidad de Alicante<\/a><\/p>\n<p><a href=\"https:\/\/orcid.org\/0000-0003-3864-9086\">https:\/\/orcid.org\/0000-0003-3864-9086<\/a><\/p>\n<h5>\u00d3scar \u00c1lvarez Gila<\/h5>\n<p><a href=\"https:\/\/www.ehu.eus\/es\/web\/master\/master-europa-mundo-atlantico\/profesorado-de-tfm?p_redirect=fichaPDI&amp;p_idp=1711\">Universidad del Pa\u00eds Vasco<\/a><\/p>\n<p><a href=\"https:\/\/orcid.org\/0000-0002-8829-5207\">https:\/\/orcid.org\/0000-0002-8829-5207<\/a><\/p>\n<h3><br><\/h3>\n<h3>Miembros del equipo de trabajo<\/h3>\n<h5>Juan Andr\u00e9s Blanco Rodr\u00edguez<\/h5>\n<p>C\u00e1tedra de Poblaci\u00f3n, Vinculaci\u00f3n y Desarrollo. UNED<\/p>\n<p><a href=\"https:\/\/orcid.org\/0000-0003-3567-1077\">https:\/\/orcid.org\/0000-0003-3567-1077<\/a><\/p>\n<h5>Elda E. Gonz\u00e1lez Mart\u00ednez<\/h5>\n<p>Consejo Superior de Investigaciones Cient\u00edficas<\/p>\n<p><a href=\"https:\/\/orcid.org\/0000-0002-0741-8990\">https:\/\/orcid.org\/0000-0002-0741-8990<\/a><\/p>\n<h5>Jos\u00e9 C. Moya &nbsp;<\/h5>\n<p>Barnard College. Columbia University<\/p>\n<p><a href=\"https:\/\/orcid.org\/0000-0002-4367-1723\">https:\/\/orcid.org\/0000-0002-4367-1723<\/a><\/p>\n<h5>Alejandro Enrique Fern\u00e1ndez<\/h5>\n<p>Universidad Nacional de Luj\u00e1n<\/p>\n<p><a href=\"https:\/\/orcid.org\/0000-0003-3294-4412\">https:\/\/orcid.org\/0000-0003-3294-4412<\/a><\/p>\n<h5>Jos\u00e9 Delgado \u00c1lvarez<\/h5>\n<p>C\u00e1tedra de Poblaci\u00f3n, Vinculaci\u00f3n y Desarrollo. UNED<\/p>\n<p><a href=\"https:\/\/orcid.org\/0000-0002-4729-3678\">https:\/\/orcid.org\/0000-0002-4729-3678<\/a><\/p>\n<h5>Juan-Miguel \u00c1lvarez Dom\u00ednguez<\/h5>\n<p>Centro de Estudios de la Emigraci\u00f3n Castellana y Leonesa. UNED Zamora<\/p>\n<p><a href=\"https:\/\/orcid.org\/0000-0003-3498-3837\">https:\/\/orcid.org\/0000-0003-3498-3837<\/a><\/p>\n<h5>Jos\u00e9 Ignacio Monteagudo Robledo<\/h5>\n<p>Universidade Federal da Integra\u00e7\u00e3o Latino-Americana<\/p>\n<p><a href=\"https:\/\/orcid.org\/0000-0002-4023-9804\">https:\/\/orcid.org\/0000-0002-4023-9804<\/a><\/p>\n<h5>Katia Figueredo Cabrera<\/h5>\n<p>Universidad de Zaragoza<\/p>\n<p><a href=\"https:\/\/orcid.org\/0000-0003-2157-5359\">https:\/\/orcid.org\/0000-0003-2157-5359<\/a><\/p>\n<h5>Jos\u00e9 Manuel Prieto Fern\u00e1ndez del Viso<\/h5>\n<p>Universidad de Oviedo<\/p>\n<p><a href=\"https:\/\/orcid.org\/0009-0002-8995-9412\">https:\/\/orcid.org\/0009-0002-8995-9412<\/a><\/p>\n<h3><br><\/h3>\n<h3>Personal investigador en formaci\u00f3n<\/h3>\n<h5>Rub\u00e9n S\u00e1nchez Dom\u00ednguez<\/h5>\n<p>UNED Zamora<\/p>\n<p><a href=\"https:\/\/orcid.org\/0000-0002-6758-4659\">https:\/\/orcid.org\/0000-0002-6758-4659<\/a><\/p>\n<h5>Jaime del \u00c1lamo Benmergui<\/h5>\n<p>Universidad de Salamanca<\/p>\n<p><a href=\"https:\/\/orcid.org\/0009-0003-1117-7944\">https:\/\/orcid.org\/0009-0003-1117-7944<\/a><\/p>\t\t\t\t\t\t<\/div>\n\t\t\t\t<\/div>\n\t\t\t\t\t<\/div>\n\t\t<\/div>\n\t\t\t\t\t<\/div>\n\t\t<\/section>\n\t\t\t\t<section class=\"elementor-section elementor-top-section elementor-element elementor-element-f06c4b9 elementor-section-boxed elementor-section-height-default elementor-section-height-default\" data-id=\"f06c4b9\" data-element_type=\"section\">\n\t\t\t\t\t\t<div class=\"elementor-container elementor-column-gap-default\">\n\t\t\t\t\t<div class=\"elementor-column elementor-col-100 elementor-top-column elementor-element elementor-element-427d6cf\" data-id=\"427d6cf\" data-element_type=\"column\">\n\t\t\t<div class=\"elementor-widget-wrap\">\n\t\t\t\t\t\t\t<\/div>\n\t\t<\/div>\n\t\t\t\t\t<\/div>\n\t\t<\/section>\n\t\t\t\t<\/div>\n\t\t","protected":false},"excerpt":{"rendered":"<p>Co-IP Asunci\u00f3n Merino Hernando Universidad Nacional de Educaci\u00f3n a Distancia https:\/\/orcid.org\/0000-0002-1346-9217 amerino@fsof.uned.es Arsenio Dacosta Universidad de Salamanca https:\/\/orcid.org\/0000-0002-3069-028X adacosta@usal.es Miembros del equipo de investigaci\u00f3n Francisco Javier Frutos Esteban Universidad de Salamanca https:\/\/orcid.org\/0000-0002-4014-8793 Carmen L\u00f3pez San Segundo Universidad de Salamanca https:\/\/orcid.org\/0000-0003-0006-7769 Isaac Mart\u00edn Nieto Universidad de Salamanca https:\/\/orcid.org\/0000-0002-9565-0385 Katarzyna Porada Universidad Nacional de Educaci\u00f3n a Distancia [&hellip;]<\/p>\n","protected":false},"author":2,"featured_media":0,"parent":0,"menu_order":0,"comment_status":"closed","ping_status":"closed","template":"","meta":{"footnotes":""},"_links":{"self":[{"href":"https:\/\/asociacionismodelaemigracionespanola.com\/index.php\/wp-json\/wp\/v2\/pages\/826"}],"collection":[{"href":"https:\/\/asociacionismodelaemigracionespanola.com\/index.php\/wp-json\/wp\/v2\/pages"}],"about":[{"href":"https:\/\/asociacionismodelaemigracionespanola.com\/index.php\/wp-json\/wp\/v2\/types\/page"}],"author":[{"embeddable":true,"href":"https:\/\/asociacionismodelaemigracionespanola.com\/index.php\/wp-json\/wp\/v2\/users\/2"}],"replies":[{"embeddable":true,"href":"https:\/\/asociacionismodelaemigracionespanola.com\/index.php\/wp-json\/wp\/v2\/comments?post=826"}],"version-history":[{"count":24,"href":"https:\/\/asociacionismodelaemigracionespanola.com\/index.php\/wp-json\/wp\/v2\/pages\/826\/revisions"}],"predecessor-version":[{"id":2923,"href":"https:\/\/asociacionismodelaemigracionespanola.com\/index.php\/wp-json\/wp\/v2\/pages\/826\/revisions\/2923"}],"wp:attachment":[{"href":"https:\/\/asociacionismodelaemigracionespanola.com\/index.php\/wp-json\/wp\/v2\/media?parent=826"}],"curies":[{"name":"wp","href":"https:\/\/api.w.org\/{rel}","templated":true}]}}